{"id":1842,"date":"2018-08-20T16:17:22","date_gmt":"2018-08-20T14:17:22","guid":{"rendered":"https:\/\/www.skolakrizik.cz\/?page_id=1842"},"modified":"2026-01-06T14:47:26","modified_gmt":"2026-01-06T13:47:26","slug":"dokumenty-skoly","status":"publish","type":"page","link":"https:\/\/www.skolakrizik.cz\/index.php\/dokumenty-skoly\/","title":{"rendered":"Dokumenty \u0161koly"},"content":{"rendered":"<p>[vc_row][vc_column width=&#8220;1\/2&#8243;][vc_column_text]<\/p>\n<h3>\u0160koln\u00ed dokumenty<\/h3>\n<h4>\u0158\u00e1dy<\/h4>\n<ul>\n<li><a href=\"\/download\/rady\/skolni_rad.pdf\" target=\"_blank\" rel=\"noopener\">\u0160koln\u00ed \u0159\u00e1d (pdf)<\/a><\/li>\n<li><a href=\"\/download\/rady\/klasifikacni_rad_sps.pdf\" target=\"_blank\" rel=\"noopener\">Klasifika\u010dn\u00ed \u0159\u00e1d SP\u0160E (pdf)<\/a><\/li>\n<li><a href=\"\/download\/rady\/klasifikacni_rad_vos.pdf\" target=\"_blank\" rel=\"noopener\">Klasifika\u010dn\u00ed \u0159\u00e1d VO\u0160 (pdf)<\/a><\/li>\n<li><a href=\"\/download\/rady\/provozni_rad_laboratori.pdf\" target=\"_blank\" rel=\"noopener\">Provozn\u00ed \u0159\u00e1d elektrotechnick\u00fdch laborato\u0159\u00ed (pdf)<\/a><\/li>\n<li><a href=\"\/download\/rady\/provozni_rad_mm_vt.pdf\" target=\"_blank\" rel=\"noopener\">Provozn\u00ed \u0159\u00e1d multimedi\u00e1ln\u00edch u\u010deben a u\u010deben v\u00fdpo\u010detn\u00ed techniky (pdf)<\/a><\/li>\n<li><a href=\"\/download\/rady\/provozni_rad_skolnich_dilen.pdf\" target=\"_blank\" rel=\"noopener\">Provozn\u00ed \u0159\u00e1d \u0161koln\u00edch d\u00edlen (pdf)<\/a><\/li>\n<li><a href=\"\/download\/rady\/provozni_rad_tv.pdf\" target=\"_blank\" rel=\"noopener\">Provozn\u00ed \u0159\u00e1d t\u011blocvi\u010dny a h\u0159i\u0161t\u011b (pdf)<\/a><\/li>\n<\/ul>\n<h4 id=\"formulare\">Ostatn\u00ed dokumenty<\/h4>\n<ul>\n<li><a href=\"\/download\/ostatni\/rvp_26-41-M01_Elektrotechnika_2020.pdf\" target=\"_blank\" rel=\"noopener\">R\u00e1mcov\u00fd vzd\u011bl\u00e1vac\u00ed program pro obor Elektrotechnika (pdf)<\/a><\/li>\n<li><a href=\"\/download\/ostatni\/rvp_18-20-M01-Informacni-technologie-s-revizemi.pdf\" target=\"_blank\" rel=\"noopener\">R\u00e1mcov\u00fd vzd\u011bl\u00e1vac\u00ed program pro obor Informa\u010dn\u00ed technologie (pdf)<\/a><\/li>\n<li><a href=\"\/download\/ostatni\/koncepce_rozvoje_skoly_2025-31.pdf\" target=\"_blank\" rel=\"noopener\">Koncepce rozvoje \u0161koly 2025 &#8211; 2031 (pdf)<\/a><\/li>\n<li><a href=\"\/download\/ostatni\/koncepce_rozvoje_skoly_2020-25.pdf\" target=\"_blank\" rel=\"noopener\">Koncepce rozvoje \u0161koly 2020 &#8211; 2025 (pdf)<\/a><\/li>\n<li><a href=\"\/download\/ostatni\/strategicky_plan_rozvoje_skoly_2016-2020.pdf\" target=\"_blank\" rel=\"noopener\">Strategick\u00fd pl\u00e1n rozvoje \u0161koly 2016 &#8211; 2020 (pdf)<\/a><\/li>\n<li><a href=\"\/download\/almanachy\/skolakrizik_almanach_2000.pdf\" target=\"_blank\" rel=\"noopener\">Almanach z\u00a0roku 2000 vydan\u00fd u\u00a0p\u0159\u00edle\u017eitosti 55 let existence \u0161koly (pdf)<\/a><\/li>\n<li><a href=\"\/download\/almanachy\/skolakrizik_almanach_2005.pdf\" target=\"_blank\" rel=\"noopener\">Almanach z\u00a0roku 2005 vydan\u00fd u\u00a0p\u0159\u00edle\u017eitosti 60 let existence \u0161koly (pdf)<\/a><\/li>\n<li><a href=\"\/download\/almanachy\/skolakrizik_almanach_2015.pdf\" target=\"_blank\" rel=\"noopener\">Almanach z\u00a0roku 2015 vydan\u00fd u\u00a0p\u0159\u00edle\u017eitosti 70 let existence \u0161koly (pdf)<\/a><\/li>\n<li><a href=\"\/download\/almanachy\/skolakrizik_almanach_2025.pdf\" target=\"_blank\" rel=\"noopener\">Almanach z roku 2025 vydan\u00fd u p\u0159\u00edle\u017eitosti 80 let existence \u0161koly (pdf)<\/a><\/li>\n<li><a href=\"\/download\/ostatni\/sablona_zaverecne_prace_krizik.docx\">\u0160ablona semin\u00e1rn\u00ed \/ z\u00e1v\u011bre\u010dn\u00e9 pr\u00e1ce dle normy (docx)<\/a><\/li>\n<li><a href=\"https:\/\/www.csicr.cz\/cz\/Registr-inspekcnich-zprav?d=87\" target=\"_blank\" rel=\"noopener\">Registr inspek\u010dn\u00edch zpr\u00e1v (odkaz na str\u00e1nky \u010c\u0160I)<\/a><\/li>\n<li><a href=\"\/download\/ostatni\/dodatek_k_souhlasu_se_zpracovanim_osobnich_udaju.pdf\" target=\"_blank\" rel=\"noopener\">Dodatek k souhlasu se zpracov\u00e1n\u00edm osobn\u00edch \u00fadaj\u016f (pdf)<\/a><\/li>\n<\/ul>\n<p>[\/vc_column_text][\/vc_column]<\/p>\n<p>[vc_column width=&#8220;1\/2&#8243;][vc_column_text]<\/p>\n<h3>\u0160koln\u00ed vzd\u011bl\u00e1vac\u00ed programy<\/h3>\n<h4>Pro denn\u00ed studium:<\/h4>\n<ul>\n<li><a href=\"\/download\/svp\/sps_svp_elektrotechnika_2024.pdf\" target=\"_blank\" rel=\"noopener\">\u0160koln\u00ed vzd\u011bl\u00e1vac\u00ed program Elektrotechnika (pdf)<\/a><br \/>\n&#8211; plat\u00ed pro \u017e\u00e1ky nastupuj\u00edc\u00ed ve \u0161koln\u00edm roce 2024\/25<\/li>\n<li><a href=\"\/download\/svp\/sps_svp_informacni_technologie_2024.pdf\" target=\"_blank\" rel=\"noopener\">\u0160koln\u00ed vzd\u011bl\u00e1vac\u00ed program Informa\u010dn\u00ed technologie v elektrotechnice (pdf)<\/a><br \/>\n&#8211; plat\u00ed pro \u017e\u00e1ky nastupuj\u00edc\u00ed ve \u0161koln\u00edm roce 2024\/25<\/li>\n<li><a href=\"\/download\/svp\/sps_svp_elektrotechnika_2022.pdf\" target=\"_blank\" rel=\"noopener\">\u0160koln\u00ed vzd\u011bl\u00e1vac\u00ed program Elektrotechnika (pdf)<\/a><\/li>\n<li><a href=\"\/download\/svp\/sps_svp_informacni_technologie_2022.pdf\" target=\"_blank\" rel=\"noopener\">\u0160koln\u00ed vzd\u011bl\u00e1vac\u00ed program Informa\u010dn\u00ed technologie v elektrotechnice (pdf)<\/a><\/li>\n<li><a href=\"\/download\/svp\/svp_dodatek.pdf\" target=\"_blank\" rel=\"noopener\">\u0160VP Dodatek (pdf)<\/a><\/li>\n<\/ul>\n<h4>Pro VO\u0160:<\/h4>\n<ul>\n<li><a href=\"\/download\/svp\/vos_akreditace_2024-2030.pdf\" target=\"_blank\" rel=\"noopener\">Akreditovan\u00fd vzd\u011bl\u00e1vac\u00ed program Silnoproud\u00e1 elektrotechnika platn\u00fd od 1. 9. 2024 po\u010d\u00ednaje 1. ro\u010dn\u00edkem (pdf)<\/a><\/li>\n<li><a href=\"\/download\/svp\/vos_avp_silnoprouda_elektrotechnika_2018.pdf\" target=\"_blank\" rel=\"noopener\">Akreditovan\u00fd vzd\u011bl\u00e1vac\u00ed program Silnoproud\u00e1 elektrotechnika platn\u00fd od 1.9.2018 po\u010d\u00ednaje 1. ro\u010dn\u00edkem (pdf)<\/a><\/li>\n<li><a href=\"\/download\/svp\/vos_prodlouzeni_akreditace_2024-2026.pdf\" target=\"_blank\" rel=\"noopener\">Prodlou\u017een\u00ed akreditovan\u00e9ho vzd\u011bl\u00e1vac\u00edho programu Silnoproud\u00e1 elektrotechnika platn\u00e9ho od 1. 9. 2018 do 31. 12. 2026 (pdf)<\/a><\/li>\n<\/ul>\n<p>[\/vc_column_text][\/vc_column][\/vc_row]<\/p>\n<p>[vc_row][vc_column width=&#8220;1\/2&#8243;][vc_column_text]<\/p>\n<h3>Formul\u00e1\u0159e pro SP\u0160<\/h3>\n<ul>\n<li><a href=\"\/download\/ostatni\/sps_evidencni_list.xlsx\">Eviden\u010dn\u00ed list (xlsx)<\/a><\/li>\n<li><a href=\"\/download\/ostatni\/sps_stitky_na_sesit.docx\">\u0160t\u00edtky na se\u0161it (docx)<\/a><\/li>\n<li><a href=\"\/download\/ostatni\/sps_posudek_o_zdravotni_ zpusobilosti_zotavovaci_akce.pdf\" target=\"_blank\" rel=\"noopener\">Posudek o\u00a0zdravotn\u00ed zp\u016fsobilosti \u017e\u00e1ka k \u00fa\u010dasti na zotavovac\u00ed akci (pdf)<\/a><\/li>\n<li><a href=\"\/download\/ostatni\/sps_denik_praxe.pdf\" target=\"_blank\" rel=\"noopener\">Den\u00edk praxe SP\u0160 (pdf)<\/a><\/li>\n<li><a href=\"\/download\/ostatni\/sps_smlouva_odborne_praxe_2025-26.docx\">Smlouva o odborn\u00e9 praxi student\u016f SP\u0160 (docx)<\/a><\/li>\n<li><a href=\"\/download\/prijimaci-rizeni\/VOSaSPSE_Odvolani_proti_rozhodnuti_o_neprijeti.docx\">Odvol\u00e1n\u00ed proti nep\u0159ijet\u00ed ke studiu (docx)<\/a><\/li>\n<li><a href=\"\/download\/ostatni\/sps_uvolnovaci_list.pdf\" target=\"_blank\" rel=\"noopener\">Uvol\u0148ovac\u00ed list (pdf)<\/a><\/li>\n<\/ul>\n<h4>Potvrzen\u00ed<\/h4>\n<ul>\n<li><a href=\"\/download\/potvrzeni\/sps_potvrzeni_o_studiu_denni.pdf\" target=\"_blank\" rel=\"noopener\">Potvrzen\u00ed o studiu &#8211; denn\u00ed studium (pdf)<\/a><\/li>\n<li><a href=\"\/download\/potvrzeni\/sps_potvrzeni_doby_studia.docx\">Potvrzen\u00ed doby studia (docx)<\/a><\/li>\n<li><a href=\"\/download\/sdeleni\/cenik_stejnopisy_vysvedceni_2024.pdf\" target=\"_blank\" rel=\"noopener\">Cen\u00edk pro vyd\u00e1v\u00e1n\u00ed stejnopis\u016f a vysv\u011bd\u010den\u00ed (pdf)<\/a><\/li>\n<\/ul>\n<h4>\u017d\u00e1dosti<\/h4>\n<ul>\n<li><a href=\"\/download\/ostatni\/Smernice-2022-Balicek-pomoci.docx\" target=\"_blank\" rel=\"noopener\">Sm\u011brnice &#8211; Bal\u00ed\u010dek pomoci (docx)<\/a><\/li>\n<li><a href=\"\/download\/zadosti\/sps_zadost_o_prispevek_lyzarsky_vycvik.docx\">\u017d\u00e1dost o\u00a0p\u0159\u00edsp\u011bvek na ly\u017ea\u0159sk\u00fd v\u00fdcvik (docx)<\/a><\/li>\n<li><a href=\"\/download\/zadosti\/sps_zadost_o_zajisteni_praxe_skolou.pdf\" target=\"_blank\" rel=\"noopener\">\u017d\u00e1dost o\u00a0zaji\u0161t\u011bn\u00ed odborn\u00e9 praxe \u0161kolou (pdf)<\/a><\/li>\n<li><a href=\"\/download\/zadosti\/sps_zadost_o_uvolneni_z_dochazky.docx\">\u017d\u00e1dost o uvoln\u011bn\u00ed z doch\u00e1zky (docx)<\/a><\/li>\n<li><a href=\"\/download\/zadosti\/sps_uvolneni_tv_posouzeni_zdravotni_zpusobilosti_tv.docx\">\u017d\u00e1dost o uvoln\u011bn\u00ed z t\u011blocviku &#8211; posouzen\u00ed zdravotn\u00ed zp\u016fsobilosti (docx)<\/a><\/li>\n<li><a href=\"\/download\/zadosti\/sps_zadost_o_opakovani_rocniku_do_18.docx\">\u017d\u00e1dost o opakov\u00e1n\u00ed ro\u010dn\u00edku pro \u017e\u00e1ky do 18 let (docx)<\/a><\/li>\n<li><a href=\"\/download\/zadosti\/sps_zadost_o_opakovani_rocniku_nad_18.docx\">\u017d\u00e1dost o opakov\u00e1n\u00ed ro\u010dn\u00edku pro \u017e\u00e1ky nad 18 let (docx)<\/a><\/li>\n<li><a href=\"\/download\/zadosti\/sps_zadost_o_preruseni_studia_do_18.docx\">\u017d\u00e1dost o p\u0159eru\u0161en\u00ed studia pro \u017e\u00e1ky do 18 let (docx)<\/a><\/li>\n<li><a href=\"\/download\/zadosti\/sps_zadost_o_preruseni_studia_nad_18.docx\">\u017d\u00e1dost o p\u0159eru\u0161en\u00ed studia pro \u017e\u00e1ky nad 18 let (docx)<\/a><\/li>\n<li><a href=\"\/download\/zadosti\/sps_zadost_o_prestup_na_skolu_do_18.docx\">\u017d\u00e1dost o\u00a0p\u0159estup na \u0161kolu pro \u017e\u00e1ky do 18 let (docx)<\/a><\/li>\n<li><a href=\"\/download\/zadosti\/sps_zadost_o_prestup_na_skolu_nad_18.docx\">\u017d\u00e1dost o\u00a0p\u0159estup na \u0161kolu pro \u017e\u00e1ky nad 18 let (docx)<\/a><\/li>\n<li><a href=\"\/download\/zadosti\/sps_zadost_o_prijeti_do_vys_roc_do_18.docx\">\u017d\u00e1dost o\u00a0p\u0159ijet\u00ed do vy\u0161\u0161\u00edho ro\u010dn\u00edku pro \u017e\u00e1ky do 18 let (docx)<\/a><\/li>\n<li><a href=\"\/download\/zadosti\/sps_zadost_o_prijeti_do_vys_roc_nad_18.docx\">\u017d\u00e1dost o\u00a0p\u0159ijet\u00ed do vy\u0161\u0161\u00edho ro\u010dn\u00edku pro \u017e\u00e1ky nad 18 let (docx)<\/a><\/li>\n<li><a href=\"\/download\/zadosti\/sps_zadost_o_stejnopis_roc_vysvedceni.docx\">\u017d\u00e1dost o\u00a0stejnopis ro\u010dn\u00edkov\u00e9ho vysv\u011bd\u010den\u00ed (docx)<\/a><\/li>\n<li><a href=\"\/download\/zadosti\/sps_zadost_o_stejnopis_mat_vysvedceni.docx\">\u017d\u00e1dost o\u00a0stejnopis maturitn\u00edho vysv\u011bd\u010den\u00ed (docx)<\/a><\/li>\n<li><a href=\"https:\/\/www.skolakrizik.cz\/download\/zadosti\/zadost_o_vystaveni_prukazu_ISIC.pdf\">\u017d\u00e1dost o vystaven\u00ed pr\u016fkazu ISIC (pdf)<\/a><\/li>\n<li><a href=\"\/download\/sdeleni\/cenik_stejnopisy_vysvedceni_2024.pdf\" target=\"_blank\" rel=\"noopener\">Cen\u00edk pro vyd\u00e1v\u00e1n\u00ed stejnopis\u016f a vysv\u011bd\u010den\u00ed (pdf)<\/a><\/li>\n<\/ul>\n<h4>Sd\u011blen\u00ed<\/h4>\n<ul>\n<li><a href=\"\/download\/sdeleni\/smernice_stejnopisy_vysvedceni_2024.pdf\" target=\"_blank\" rel=\"noopener\">Sm\u011brnice \u0159editele \u0161koly pro vyd\u00e1v\u00e1n\u00ed stejnopisu vysv\u011bd\u010den\u00ed (pdf)<\/a><\/li>\n<li><a href=\"\/download\/sdeleni\/sps_sdeleni_zanechani_vzdelavani_do_18.docx\">Sd\u011blen\u00ed o\u00a0zanech\u00e1n\u00ed vzd\u011bl\u00e1v\u00e1n\u00ed \u017e\u00e1k\u016f do 18 let (docx)<\/a><\/li>\n<li><a href=\"\/download\/sdeleni\/sps_sdeleni_zanechani_vzdelavani_nad_18.docx\">Sd\u011blen\u00ed o\u00a0zanech\u00e1n\u00ed vzd\u011bl\u00e1v\u00e1n\u00ed \u017e\u00e1k\u016f nad 18 let (docx)<\/a><\/li>\n<\/ul>\n<p>[\/vc_column_text][\/vc_column]<\/p>\n<p>[vc_column width=&#8220;1\/2&#8243;][vc_column_text]<\/p>\n<h3>Formul\u00e1\u0159e pro VO\u0160<\/h3>\n<ul>\n<li><a href=\"\/download\/ostatni\/vos_denik_praxe_2025-26.docx\">Den\u00edk praxe VO\u0160 (docx)<\/a><\/li>\n<li><a href=\"\/download\/ostatni\/vos_denik_praxe_V1_V2_2025-26.docx\">Den\u00edk praxe VO\u0160 &#8211; t\u0159\u00edda V1, V2 (docx)<\/a><\/li>\n<li><a href=\"\/download\/ostatni\/vos_smlouva_odborne_praxe_V1_2025-26.docx\">Smlouva o odborn\u00e9 praxi student\u016f VO\u0160 &#8211; t\u0159\u00edda V1 (docx)<\/a><\/li>\n<li><a href=\"\/download\/ostatni\/vos_smlouva_odborne_praxe_V2_2025-26.docx\">Smlouva o odborn\u00e9 praxi student\u016f VO\u0160 &#8211; t\u0159\u00edda V2 (docx)<\/a><\/li>\n<li><a href=\"\/download\/ostatni\/vos_smlouva_odborne_praxe_V3_2025-26.docx\">Smlouva o odborn\u00e9 praxi student\u016f VO\u0160 &#8211; t\u0159\u00edda V3 (docx)<\/a><\/li>\n<\/ul>\n<h4>Potvrzen\u00ed<\/h4>\n<ul>\n<li><a href=\"\/download\/potvrzeni\/vos_potvrzeni_o_studiu_denni.pdf\" target=\"_blank\" rel=\"noopener\">Potvrzen\u00ed o studiu VO\u0160 (pdf)<\/a><\/li>\n<li><a href=\"\/download\/potvrzeni\/vos_potvrzeni_doby_studia.docx\">Potvrzen\u00ed doby studia na VO\u0160 (docx)<\/a><\/li>\n<li><a href=\"\/download\/potvrzeni\/vos_potvrzeni_platba.pdf\" target=\"_blank\" rel=\"noopener\">Potvrzen\u00ed o platb\u011b \u0161koln\u00e9ho (pdf)<\/a><\/li>\n<\/ul>\n<h4>Sd\u011blen\u00ed<\/h4>\n<ul>\n<li><a href=\"\/download\/sdeleni\/vos_sdeleni_zanechani_vzdelavani.docx\">Sd\u011blen\u00ed o\u00a0zanech\u00e1n\u00ed vzd\u011bl\u00e1v\u00e1n\u00ed na VO\u0160 (docx)<\/a><\/li>\n<\/ul>\n<p>[\/vc_column_text][\/vc_column][\/vc_row]<\/p>\n","protected":false},"excerpt":{"rendered":"<p>[vc_row][vc_column width=&#8220;1\/2&#8243;][vc_column_text] \u0160koln\u00ed dokumenty \u0158\u00e1dy \u0160koln\u00ed \u0159\u00e1d (pdf) Klasifika\u010dn\u00ed \u0159\u00e1d SP\u0160E (pdf) Klasifika\u010dn\u00ed \u0159\u00e1d VO\u0160 (pdf) Provozn\u00ed \u0159\u00e1d elektrotechnick\u00fdch laborato\u0159\u00ed (pdf) Provozn\u00ed \u0159\u00e1d multimedi\u00e1ln\u00edch u\u010deben a u\u010deben v\u00fdpo\u010detn\u00ed techniky (pdf) Provozn\u00ed \u0159\u00e1d \u0161koln\u00edch d\u00edlen (pdf) Provozn\u00ed \u0159\u00e1d t\u011blocvi\u010dny a h\u0159i\u0161t\u011b (pdf) Ostatn\u00ed dokumenty R\u00e1mcov\u00fd vzd\u011bl\u00e1vac\u00ed program pro obor Elektrotechnika (pdf) R\u00e1mcov\u00fd vzd\u011bl\u00e1vac\u00ed program pro obor [&hellip;]<\/p>\n","protected":false},"author":1,"featured_media":0,"parent":0,"menu_order":0,"comment_status":"closed","ping_status":"closed","template":"","meta":{"footnotes":""},"class_list":["post-1842","page","type-page","status-publish","hentry"],"_links":{"self":[{"href":"https:\/\/www.skolakrizik.cz\/index.php\/wp-json\/wp\/v2\/pages\/1842","targetHints":{"allow":["GET"]}}],"collection":[{"href":"https:\/\/www.skolakrizik.cz\/index.php\/wp-json\/wp\/v2\/pages"}],"about":[{"href":"https:\/\/www.skolakrizik.cz\/index.php\/wp-json\/wp\/v2\/types\/page"}],"author":[{"embeddable":true,"href":"https:\/\/www.skolakrizik.cz\/index.php\/wp-json\/wp\/v2\/users\/1"}],"replies":[{"embeddable":true,"href":"https:\/\/www.skolakrizik.cz\/index.php\/wp-json\/wp\/v2\/comments?post=1842"}],"version-history":[{"count":83,"href":"https:\/\/www.skolakrizik.cz\/index.php\/wp-json\/wp\/v2\/pages\/1842\/revisions"}],"predecessor-version":[{"id":4683,"href":"https:\/\/www.skolakrizik.cz\/index.php\/wp-json\/wp\/v2\/pages\/1842\/revisions\/4683"}],"wp:attachment":[{"href":"https:\/\/www.skolakrizik.cz\/index.php\/wp-json\/wp\/v2\/media?parent=1842"}],"curies":[{"name":"wp","href":"https:\/\/api.w.org\/{rel}","templated":true}]}}