{"id":1870,"date":"2018-08-20T16:45:54","date_gmt":"2018-08-20T14:45:54","guid":{"rendered":"https:\/\/www.skolakrizik.cz\/?page_id=1870"},"modified":"2026-01-31T10:19:05","modified_gmt":"2026-01-31T09:19:05","slug":"skolska-rada","status":"publish","type":"page","link":"https:\/\/www.skolakrizik.cz\/index.php\/skolska-rada\/","title":{"rendered":"\u0160kolsk\u00e1 rada"},"content":{"rendered":"<p>[vc_row][vc_column width=&#8220;1\/2&#8243;]<div class=\"themeum-title  \" style=\"\"><h3 class=\"style-title2\" style=\"color:#333333;\"><span class=\"span-title2\" style=\"padding:;\">\u0160kolsk\u00e1 rada pro SP\u0160<\/span><\/h3><\/div>\n<p>[vc_toggle title=&#8220;Mgr. Marie O\u010den\u00e1\u0161kov\u00e1 (p\u0159edsedkyn\u011b)&#8220;]<\/p>\n<ul>\n<li>P\u0159edsedkyn\u011b \u0160kolsk\u00e9 rady<\/li>\n<li>Z\u00e1stupce pedagog\u016f \u0161koly VO\u0160 a SP\u0160E F. K\u0159i\u017e\u00edka<\/li>\n<li>E-mail: <a href=\"mailto:marie.ocenaskova@skolakrizik.cz\">marie.ocenaskova@skolakrizik.cz<\/a><\/li>\n<\/ul>\n<p>[\/vc_toggle]<\/p>\n<p>[vc_toggle title=&#8220;Mgr. Kry\u0161tof Petr\u00e1sek (z. z\u0159izovatele)&#8220;]<\/p>\n<ul>\n<li>Z\u00e1stupce z\u0159izovatele<\/li>\n<li><span style=\"color: #000000;\">E-mail: <a href=\"mailto:krystof.petrasek@gmail.com\" target=\"_blank\" rel=\"noopener\">krystof.petrasek@gmail.com<\/a><\/span><\/li>\n<\/ul>\n<p>[\/vc_toggle][vc_toggle title=&#8220;Ing. Kate\u0159ina Vondrov\u00e1 (z. z\u0159izovatele)&#8220;]<\/p>\n<ul>\n<li>Z\u00e1stupce z\u0159izovatele<\/li>\n<li>E-mail: <a href=\"mailto:katka.vondrova@gmail.com\">katka.vondrova@gmail.com<\/a><\/li>\n<\/ul>\n<p>[vc_toggle title=&#8220;Anna Mudru\u0148kov\u00e1 (z. pedagogick\u00fdch zam\u011bstnanc\u016f)&#8220;]<\/p>\n<ul>\n<li>Z\u00e1stupce pedagogick\u00fdch zam\u011bstnanc\u016f<\/li>\n<li>E-mail: <a href=\"mailto:anna.mudrunkova@skolakrizik.cz\">anna.mudrunkova@skolakrizik.cz<\/a><\/li>\n<\/ul>\n<p>[\/vc_toggle][vc_toggle title=&#8220;Petr Svoboda (z. student\u016f)&#8220;]<\/p>\n<ul>\n<li>Z\u00e1stupce student\u016f \u0161koly VO\u0160 a SP\u0160E F. K\u0159i\u017e\u00edka<\/li>\n<li>E-mail: <a href=\"mailto:petr.svoboda@skolakrizik.cz\">petr.svoboda@skolakrizik.cz<\/a><\/li>\n<\/ul>\n<p>[\/vc_toggle][vc_toggle title=&#8220;Michaela Beranov\u00e1 (z. student\u016f)&#8220;]<\/p>\n<ul>\n<li>Z\u00e1stupce student\u016f \u0161koly VO\u0160 a SP\u0160E F. K\u0159i\u017e\u00edka<\/li>\n<li>E-mail: <a href=\"mailto:michaela.beranova@skolakrizik.cz\">michaela.beranova@skolakrizik.cz<\/a><\/li>\n<\/ul>\n<p>[\/vc_toggle]<\/p>\n<p>[vc_column_text]<\/p>\n<h4>Z\u00e1pisy ze zased\u00e1n\u00ed rady ke sta\u017een\u00ed:<\/h4>\n<ul>\n<li><a href=\"\/download\/skolska-rada\/sps\/sps_zapis_ze_zasedani_skolske_rady_20251022.pdf\">Z\u00e1pis ze zased\u00e1n\u00ed \u0160kolsk\u00e9 rady SP\u0160 ze dne 22. 10. 2025 (pdf)<\/a><\/li>\n<li><a href=\"\/download\/skolska-rada\/sps\/sps_zapis_ze_zasedani_skolske_rady_20250704.pdf\">Z\u00e1pis ze zased\u00e1n\u00ed \u0160kolsk\u00e9 rady SP\u0160 ze dne 04. 07. 2025 (pdf)<\/a><\/li>\n<li><a href=\"\/download\/skolska-rada\/sps\/sps_zapis_ze_zasedani_skolske_rady_20241021.pdf\">Z\u00e1pis ze zased\u00e1n\u00ed \u0160kolsk\u00e9 rady SP\u0160 ze dne 21. 10. 2024 (pdf)<\/a><\/li>\n<li><a href=\"\/download\/skolska-rada\/sps\/sps_zapis_ze_zasedani_skolske_rady_20240618.pdf\">Z\u00e1pis ze zased\u00e1n\u00ed \u0160kolsk\u00e9 rady SP\u0160 ze dne 18. 6. 2024 (pdf)<\/a><\/li>\n<li><a href=\"\/download\/skolska-rada\/sps\/sps_zapis_ze_zadedani_skolske_rady_20231030.pdf\">Z\u00e1pis ze zased\u00e1n\u00ed \u0160kolsk\u00e9 rady SP\u0160 ze dne 30. 10. 2023 (pdf)<\/a><\/li>\n<li><a href=\"\/download\/skolska-rada\/sps\/sps_zapis_ze_zadedani_skolske_rady_20230626.pdf\">Z\u00e1pis ze zased\u00e1n\u00ed \u0160kolsk\u00e9 rady SP\u0160ze dne 26. 06. 2023 (pdf)<\/a><\/li>\n<li><a href=\"\/download\/skolska-rada\/sps\/sps_zapis_ze_zadedani_skolske_rady_20221024.pdf\">Z\u00e1pis ze zased\u00e1n\u00ed \u0160kolsk\u00e9 rady SP\u0160 ze dne 24. 10. 2022 (pdf)<\/a><\/li>\n<li><a href=\"\/download\/skolska-rada\/sps\/sps_zapis_ze_zadedani_skolske_rady_20220509.pdf\">Z\u00e1pis ze zased\u00e1n\u00ed \u0160kolsk\u00e9 rady SP\u0160 ze dne 9. 5. 2022 (pdf)<\/a><\/li>\n<li><a href=\"\/download\/skolska-rada\/sps\/sps_zapis_ze_zadedani_skolske_rady_20211101.pdf\">Z\u00e1pis ze zased\u00e1n\u00ed \u0160kolsk\u00e9 rady SP\u0160 ze dne 1. 11. 2021 (pdf)<\/a><\/li>\n<li><a href=\"\/download\/skolska-rada\/sps\/sps_zapis_ze_zadedani_skolske_rady_20201026.pdf\">Z\u00e1pis ze zased\u00e1n\u00ed \u0160kolsk\u00e9 rady SP\u0160 ze dne 26. 10. 2020 (pdf)<\/a><\/li>\n<li><a href=\"\/download\/skolska-rada\/sps\/sps_zapis_ze_zadedani_skolske_rady_20191021.pdf\">Z\u00e1pis ze zased\u00e1n\u00ed \u0160kolsk\u00e9 rady SP\u0160 ze dne 21. 10. 2019 (pdf)<\/a><\/li>\n<li><a href=\"\/download\/skolska-rada\/sps\/sps_zapis_ze_zadedani_skolske_rady_20190603.pdf\">Z\u00e1pis ze zased\u00e1n\u00ed \u0160kolsk\u00e9 rady SP\u0160 ze dne 3. 6. 2019 (pdf)<\/a><\/li>\n<li><a href=\"\/download\/skolska-rada\/sps\/sps_zapis_ze_zadedani_skolske_rady_20181023.pdf\">Z\u00e1pis ze zased\u00e1n\u00ed \u0160kolsk\u00e9 rady SP\u0160 ze dne 23. 10. 2018 (pdf)<\/a><\/li>\n<li><a href=\"\/download\/skolska-rada\/sps\/sps_zapis_ze_zadedani_skolske_rady_20180514.pdf\">Z\u00e1pis ze zased\u00e1n\u00ed \u0160kolsk\u00e9 rady SP\u0160 ze dne 14. 5. 2018 (pdf)<\/a><\/li>\n<li><a href=\"\/download\/skolska-rada\/sps\/sps_zapis_ze_zadedani_skolske_rady_20171030.pdf\">Z\u00e1pis ze zased\u00e1n\u00ed \u0160kolsk\u00e9 rady SP\u0160 ze dne 30. 10. 2017 (pdf)<\/a><\/li>\n<li><a href=\"\/download\/skolska-rada\/sps\/sps_zapis_ze_zadedani_skolske_rady_20170515.pdf\">Z\u00e1pis ze zased\u00e1n\u00ed \u0160kolsk\u00e9 rady SP\u0160 ze dne 15. 5. 2017 (pdf)<\/a><\/li>\n<li><a href=\"\/download\/skolska-rada\/sps\/sps_zapis_ze_zadedani_skolske_rady_20161017.pdf\">Z\u00e1pis ze zased\u00e1n\u00ed \u0160kolsk\u00e9 rady SP\u0160 ze dne 17. 10. 2016 (pdf)<\/a><\/li>\n<li><a href=\"\/download\/skolska-rada\/sps\/sps_zapis_ze_zadedani_skolske_rady_20160530.pdf\">Z\u00e1pis ze zased\u00e1n\u00ed \u0160kolsk\u00e9 rady SP\u0160 ze dne 30. 5. 2016 (pdf)<\/a><\/li>\n<li><a href=\"\/download\/skolska-rada\/sps\/sps_zapis_ze_zadedani_skolske_rady_20151019.pdf\">Z\u00e1pis ze zased\u00e1n\u00ed \u0160kolsk\u00e9 rady SP\u0160 ze dne 19.10.2015 (pdf)<\/a><\/li>\n<li><a href=\"\/download\/skolska-rada\/sps\/sps_zapis_ze_zadedani_skolske_rady_20150519.pdf\">Z\u00e1pis ze zased\u00e1n\u00ed \u0160kolsk\u00e9 rady SP\u0160 ze dne 19. 5. 2015 (pdf)<\/a><\/li>\n<li><a href=\"\/download\/skolska-rada\/sps\/sps_zapis_ze_zadedani_skolske_rady_20141021.pdf\">Z\u00e1pis ze zased\u00e1n\u00ed \u0160kolsk\u00e9 rady SP\u0160 ze dne 21. 10. 2014 (pdf)<\/a><\/li>\n<li><a href=\"\/download\/skolska-rada\/sps\/sps_zapis_ze_zadedani_skolske_rady_20140513.pdf\">Z\u00e1pis ze zased\u00e1n\u00ed \u0160kolsk\u00e9 rady SP\u0160 ze dne 13. 5. 2014 (pdf)<\/a><\/li>\n<li><a href=\"\/download\/skolska-rada\/sps\/sps_zapis_ze_zadedani_skolske_rady_20131024.pdf\">Z\u00e1pis ze zased\u00e1n\u00ed \u0160kolsk\u00e9 rady SP\u0160 ze dne 24. 10. 2013 (pdf)<\/a><\/li>\n<li><a href=\"\/download\/skolska-rada\/sps\/sps_zapis_ze_zadedani_skolske_rady_20130513.pdf\">Z\u00e1pis ze zased\u00e1n\u00ed \u0160kolsk\u00e9 rady SP\u0160 ze dne 13. 5. 2013 (pdf)<\/a><\/li>\n<li><a href=\"\/download\/skolska-rada\/sps\/sps_zapis_ze_zadedani_skolske_rady_20121022.pdf\">Z\u00e1pis ze zased\u00e1n\u00ed \u0160kolsk\u00e9 rady SP\u0160 ze dne 22. 10. 2012 (pdf)<\/a><\/li>\n<li><a href=\"\/download\/skolska-rada\/sps\/sps_zapis_ze_zadedani_skolske_rady_20120618.pdf\">Z\u00e1pis ze zased\u00e1n\u00ed \u0160kolsk\u00e9 rady SP\u0160 ze dne 18. 6. 2012 (pdf)<\/a><\/li>\n<li><a href=\"\/download\/skolska-rada\/sps\/sps_zapis_ze_zadedani_skolske_rady_20111024.pdf\">Z\u00e1pis ze zased\u00e1n\u00ed \u0160kolsk\u00e9 rady SP\u0160 ze dne 24. 10. 2011 (pdf)<\/a><\/li>\n<\/ul>\n<p>[\/vc_column_text][\/vc_column][vc_column width=&#8220;1\/2&#8243;]<div class=\"themeum-title  \" style=\"\"><h3 class=\"style-title2\" style=\"color:#333333;\"><span class=\"span-title2\" style=\"padding:;\">\u0160kolsk\u00e1 rada pro VO\u0160<\/span><\/h3><\/div>[vc_toggle title=&#8220;Ing. Olga Rou\u0161ov\u00e1 (p\u0159edsedkyn\u011b)&#8220;]<\/p>\n<ul>\n<li>P\u0159edsedkyn\u011b \u0160kolsk\u00e9 rady<\/li>\n<li>Z\u00e1stupce pedagog\u016f \u0161koly VO\u0160 a SP\u0160E F. K\u0159i\u017e\u00edka<\/li>\n<li>E-mail: <a href=\"mailto:olga.rousova@skolakrizik.cz\">olga.rousova@skolakrizik.cz<\/a><\/li>\n<\/ul>\n<p>[\/vc_toggle][vc_toggle title=&#8220;Ing. Pavel Bure\u0161 (m\u00edstop\u0159edseda)&#8220;]<\/p>\n<ul>\n<li>M\u00edstop\u0159edseda \u0160kolsk\u00e9 rady<\/li>\n<li>Z\u00e1stupce pedagog\u016f \u0161koly VO\u0160 a SP\u0160E F. K\u0159i\u017e\u00edka<\/li>\n<li>E-mail: <a href=\"mailto:pavel.bures@skolakrizik.cz\">pavel.bures@skolakrizik.cz<\/a><\/li>\n<\/ul>\n<p>[\/vc_toggle][vc_toggle title=&#8220;Mgr. Kry\u0161tof Petr\u00e1sek (z. z\u0159izovatele)&#8220;]<\/p>\n<ul>\n<li>Z\u00e1stupce z\u0159izovatele<\/li>\n<li><span style=\"color: #000000;\">E-mail: <a href=\"mailto:krystof.petrasek@gmail.com\" target=\"_blank\" rel=\"noopener\">krystof.petrasek@gmail.com<\/a><\/span><\/li>\n<\/ul>\n<p>[\/vc_toggle][vc_toggle title=&#8220;Ing. Kate\u0159ina Vondrov\u00e1 (z. z\u0159izovatele)&#8220;]<\/p>\n<ul>\n<li>Z\u00e1stupce z\u0159izovatele<\/li>\n<li>E-mail: <a href=\"mailto:katka.vondrova@gmail.com\">katka.vondrova@gmail.com<\/a><\/li>\n<\/ul>\n<p>[\/vc_toggle][vc_toggle title=&#8220;Prokop Netu\u0161il (z. student\u016f)&#8220;]<\/p>\n<ul>\n<li>Z\u00e1stupce student\u016f \u0161koly VO\u0160 a SP\u0160E F. K\u0159i\u017e\u00edka<\/li>\n<li>E-mail: <a href=\"mailto:prokop.netusil@skolakrizik.cz\">prokop.netusil@skolakrizik.cz<\/a><\/li>\n<\/ul>\n<p>[\/vc_toggle][vc_toggle title=&#8220;Jakub K\u0159\u00ed\u017e (z. student\u016f)&#8220;]<\/p>\n<ul>\n<li>Z\u00e1stupce student\u016f \u0161koly VO\u0160 a SP\u0160E F. K\u0159i\u017e\u00edka<\/li>\n<li>E-mail: <a href=\"mailto:jakub.kriz@skolakrizik.cz\">jakub.kriz@skolakrizik.cz<\/a><\/li>\n<\/ul>\n<p>[\/vc_toggle][vc_column_text]<\/p>\n<h4>Z\u00e1pisy ze zased\u00e1n\u00ed rady ke sta\u017een\u00ed:<\/h4>\n<ul>\n<li><a href=\"\/download\/skolska-rada\/vos\/vos_zapis_ze_zasedani_skolske_rady_20251022.pdf\">Z\u00e1pis ze zased\u00e1n\u00ed \u0160kolsk\u00e9 rady VO\u0160 ze dne 22. 10. 2025 (pdf)<\/a><\/li>\n<li><a href=\"\/download\/skolska-rada\/sps\/sps_zapis_ze_zasedani_skolske_rady_20250704.pdf\">Z\u00e1pis ze zased\u00e1n\u00ed \u0160kolsk\u00e9 rady VO\u0160 ze dne 04. 07. 2025 (pdf)<\/a><\/li>\n<li><a href=\"\/download\/skolska-rada\/vos\/vos_zapis_ze_zasedani_skolske_rady_20241021.pdf\">Z\u00e1pis ze zased\u00e1n\u00ed \u0160kolsk\u00e9 rady VO\u0160 ze dne 21. 10. 2024<\/a><a href=\"\/download\/skolska-rada\/vos\/vos_zapis_ze_zasedani_skolske_rady_20241021.pdf\"> (pdf)<\/a><\/li>\n<li><a href=\"\/download\/skolska-rada\/vos\/vos_zapis_ze_zadedani_skolske_rady_20231030.pdf\">Z\u00e1pis ze zased\u00e1n\u00ed \u0160kolsk\u00e9 rady VO\u0160 ze dne 30. 10. 2023 (pdf)<\/a><\/li>\n<li><a href=\"\/download\/skolska-rada\/vos\/vos_zapis_ze_zadedani_skolske_rady_20230626.pdf\">Z\u00e1pis ze zased\u00e1n\u00ed \u0160kolsk\u00e9 rady VO\u0160 ze dne 26. 06. 2023 (pdf)<\/a><\/li>\n<li><a href=\"\/download\/skolska-rada\/vos\/vos_zapis_ze_zadedani_skolske_rady_20221024.pdf\">Z\u00e1pis ze zased\u00e1n\u00ed \u0160kolsk\u00e9 rady VO\u0160 ze dne 24. 10. 2022 (pdf)<\/a><\/li>\n<li><a href=\"\/download\/skolska-rada\/vos\/vos_zapis_ze_zadedani_skolske_rady_20211101.pdf\">Z\u00e1pis ze zased\u00e1n\u00ed \u0160kolsk\u00e9 rady VO\u0160 ze dne 1. 11. 2021 (pdf)<\/a><\/li>\n<li><a href=\"\/download\/skolska-rada\/vos\/vos_zapis_ze_zadedani_skolske_rady_20191021.pdf\">Z\u00e1pis ze zased\u00e1n\u00ed \u0160kolsk\u00e9 rady VO\u0160 ze dne 21. 10. 2019 (pdf)<\/a><\/li>\n<li><a href=\"\/download\/skolska-rada\/vos\/vos_zapis_ze_zadedani_skolske_rady_20190603.pdf\">Z\u00e1pis ze zased\u00e1n\u00ed \u0160kolsk\u00e9 rady VO\u0160 ze dne 3. 6. 2019 (pdf)<\/a><\/li>\n<li><a href=\"\/download\/skolska-rada\/vos\/vos_zapis_ze_zadedani_skolske_rady_20181023.pdf\">Z\u00e1pis ze zased\u00e1n\u00ed \u0160kolsk\u00e9 rady VO\u0160 ze dne 23. 10. 2018 (pdf)<\/a><\/li>\n<li><a href=\"\/download\/skolska-rada\/vos\/vos_zapis_ze_zadedani_skolske_rady_20180514.pdf\">Z\u00e1pis ze zased\u00e1n\u00ed \u0160kolsk\u00e9 rady VO\u0160 ze dne 14. 5. 2018 (pdf)<\/a><\/li>\n<li><a href=\"\/download\/skolska-rada\/vos\/vos_zapis_ze_zadedani_skolske_rady_20171023.pdf\">Z\u00e1pis ze zased\u00e1n\u00ed \u0160kolsk\u00e9 rady VO\u0160 ze dne 23. 10. 2017 (pdf)<\/a><\/li>\n<li><a href=\"\/download\/skolska-rada\/vos\/vos_zapis_ze_zadedani_skolske_rady_20170529.pdf\">Z\u00e1pis ze zased\u00e1n\u00ed \u0160kolsk\u00e9 rady VO\u0160 ze dne 29. 5. 2017 (pdf)<\/a><\/li>\n<li><a href=\"\/download\/skolska-rada\/vos\/vos_zapis_ze_zadedani_skolske_rady_20161017.pdf\">Z\u00e1pis ze zased\u00e1n\u00ed \u0160kolsk\u00e9 rady VO\u0160 ze dne 17. 10. 2016 (pdf)<\/a><\/li>\n<li><a href=\"\/download\/skolska-rada\/vos\/vos_zapis_ze_zadedani_skolske_rady_20160523.pdf\">Z\u00e1pis ze zased\u00e1n\u00ed \u0160kolsk\u00e9 rady VO\u0160 ze dne 23. 5. 2016 (pdf)<\/a><\/li>\n<li><a href=\"\/download\/skolska-rada\/vos\/vos_zapis_ze_zadedani_skolske_rady_20151019.pdf\">Z\u00e1pis ze zased\u00e1n\u00ed \u0160kolsk\u00e9 rady VO\u0160 ze dne 19. 10. 2015 (pdf)<\/a><\/li>\n<li><a href=\"\/download\/skolska-rada\/vos\/vos_zapis_ze_zadedani_skolske_rady_20150519.pdf\">Z\u00e1pis ze zased\u00e1n\u00ed \u0160kolsk\u00e9 rady VO\u0160 ze dne 19. 5. 2015 (pdf)<\/a><\/li>\n<li><a href=\"\/download\/skolska-rada\/vos\/vos_zapis_ze_zadedani_skolske_rady_20141021.pdf\">Z\u00e1pis ze zased\u00e1n\u00ed \u0160kolsk\u00e9 rady VO\u0160 ze dne 21. 10. 2014 (pdf)<\/a><\/li>\n<li><a href=\"\/download\/skolska-rada\/vos\/vos_zapis_ze_zadedani_skolske_rady_20140513.pdf\">Z\u00e1pis ze zased\u00e1n\u00ed \u0160kolsk\u00e9 rady VO\u0160 ze dne 13. 5. 2014 (pdf)<\/a><\/li>\n<li><a href=\"\/download\/skolska-rada\/vos\/vos_zapis_ze_zadedani_skolske_rady_20131024.pdf\">Z\u00e1pis ze zased\u00e1n\u00ed \u0160kolsk\u00e9 rady VO\u0160 ze dne 24. 10. 2013 (pdf)<\/a><\/li>\n<li><a href=\"\/download\/skolska-rada\/vos\/vos_zapis_ze_zadedani_skolske_rady_20130107.pdf\">Z\u00e1pis ze zased\u00e1n\u00ed \u0160kolsk\u00e9 rady VO\u0160 ze dne 7. 1. 2013 (pdf)<\/a><\/li>\n<li><a href=\"\/download\/skolska-rada\/vos\/vos_zapis_ze_zadedani_skolske_rady_20121022.pdf\">Z\u00e1pis ze zased\u00e1n\u00ed \u0160kolsk\u00e9 rady VO\u0160 ze dne 22. 10. 2012 (pdf)<\/a><\/li>\n<li><a href=\"\/download\/skolska-rada\/vos\/vos_zapis_ze_zadedani_skolske_rady_20111024.pdf\">Z\u00e1pis ze zased\u00e1n\u00ed \u0160kolsk\u00e9 rady VO\u0160 ze dne 24. 10. 2011 (pdf)<\/a><\/li>\n<li><a href=\"\/download\/skolska-rada\/vos\/vos_zapis_ze_zadedani_skolske_rady_20110509.pdf\">Z\u00e1pis ze zased\u00e1n\u00ed \u0160kolsk\u00e9 rady VO\u0160 ze dne 9. 5. 2011 (pdf)<\/a><\/li>\n<li><a href=\"\/download\/skolska-rada\/vos\/vos_zapis_ze_zadedani_skolske_rady_20101025.pdf\">Z\u00e1pis ze zased\u00e1n\u00ed \u0160kolsk\u00e9 rady VO\u0160 ze dne 25. 10. 2010 (pdf)<\/a><\/li>\n<li><a href=\"\/download\/skolska-rada\/vos\/vos_zapis_ze_zadedani_skolske_rady_20100510.pdf\">Z\u00e1pis ze zased\u00e1n\u00ed \u0160kolsk\u00e9 rady VO\u0160 ze dne 10. 5. 2010 (pdf)<\/a><\/li>\n<li><a href=\"\/download\/skolska-rada\/vos\/vos_zapis_ze_zadedani_skolske_rady_20091020.pdf\">Z\u00e1pis ze zased\u00e1n\u00ed \u0160kolsk\u00e9 rady VO\u0160 ze dne 20. 10. 2009 (pdf)<\/a><\/li>\n<li><a href=\"\/download\/skolska-rada\/vos\/vos_zapis_ze_zadedani_skolske_rady_20090622.pdf\">Z\u00e1pis ze zased\u00e1n\u00ed \u0160kolsk\u00e9 rady VO\u0160 ze dne 22. 6. 2009 (pdf)<\/a><\/li>\n<li><a href=\"\/download\/skolska-rada\/vos\/vos_zapis_ze_zadedani_skolske_rady_20081016.pdf\">Z\u00e1pis ze zased\u00e1n\u00ed \u0160kolsk\u00e9 rady VO\u0160 ze dne 16. 10. 2008 (pdf)<\/a><\/li>\n<li><a href=\"\/download\/skolska-rada\/vos\/vos_zapis_ze_zadedani_skolske_rady_20080409.pdf\">Z\u00e1pis ze zased\u00e1n\u00ed \u0160kolsk\u00e9 rady VO\u0160 ze dne 9. 4. 2008 (pdf)<\/a><\/li>\n<li><a href=\"\/download\/skolska-rada\/vos\/vos_zapis_ze_zadedani_skolske_rady_20071015.pdf\">Z\u00e1pis ze zased\u00e1n\u00ed \u0160kolsk\u00e9 rady VO\u0160 ze dne 15. 10. 2007 (pdf)<\/a><\/li>\n<li><a href=\"\/download\/skolska-rada\/vos\/vos_zapis_ze_zadedani_skolske_rady_20070423.pdf\">Z\u00e1pis ze zased\u00e1n\u00ed \u0160kolsk\u00e9 rady VO\u0160 ze dne 23. 4. 2007 (pdf)<\/a><\/li>\n<li><a href=\"\/download\/skolska-rada\/vos\/vos_zapis_ze_zadedani_skolske_rady_20061002.pdf\">Z\u00e1pis ze zased\u00e1n\u00ed \u0160kolsk\u00e9 rady VO\u0160 ze dne 2. 10. 2006 (pdf)<\/a><\/li>\n<li><a href=\"\/download\/skolska-rada\/vos\/vos_zapis_ze_zadedani_skolske_rady_20060410.pdf\">Z\u00e1pis ze zased\u00e1n\u00ed \u0160kolsk\u00e9 rady VO\u0160 ze dne 10. 4. 2006 (pdf)<\/a><\/li>\n<\/ul>\n<p>[\/vc_column_text][\/vc_column][\/vc_row][vc_row][vc_column width=&#8220;1\/2&#8243;][vc_column_text]<\/p>\n<h4>Dokumenty \u0161kolsk\u00e9 rady SP\u0160 ke sta\u017een\u00ed:<\/h4>\n<ul>\n<li><a href=\"\/download\/skolska-rada\/skolska_rada_zakon.pdf\">\u0160kolsk\u00e1 rada &#8211; z\u00e1kon (pdf)<\/a><\/li>\n<li><a href=\"\/download\/skolska-rada\/volebni_rad_skolske_rady.pdf\">Volebn\u00ed \u0159\u00e1d pro volby \u010dlen\u016f \u0161kolsk\u00e9 rady (pdf)<\/a><\/li>\n<li><a href=\"\/download\/skolska-rada\/sps\/sps_zapis_o_radnych_volbach_skolske_rady_20241119.pdf\">Z\u00e1pis o volb\u00e1ch \u010dlen\u016f \u0161kolsk\u00e9 rady pro SP\u0160 ze dne 19. 11. 2024 (pdf)<\/a><\/li>\n<li><a href=\"\/download\/skolska-rada\/sps\/sps_zapis_o_radnych_volbach_skolske_rady_20211123.pdf\">Z\u00e1pis o volb\u00e1ch \u010dlen\u016f \u0161kolsk\u00e9 rady pro SP\u0160 ze dne 23. 11. 2021 (pdf)<\/a><\/li>\n<li><a href=\"\/download\/skolska-rada\/sps\/sps_zapis_o_volbach_clenu_skolske_rady_20171107.pdf\">Z\u00e1pis o\u00a0volb\u00e1ch \u010dlen\u016f \u0160kolsk\u00e9 rady pro SP\u0160 dne 7. 11. 2017 (pdf)<\/a><\/li>\n<li><a href=\"\/download\/skolska-rada\/sps\/sps_zapis_o_volbach_clenu_skolske_rady_20141111.pdf\">Z\u00e1pis o\u00a0volb\u00e1ch \u010dlen\u016f <\/a><a href=\"\/download\/skolska-rada\/sps\/sps_zapis_o_volbach_clenu_skolske_rady_20171107.pdf\">\u0160<\/a><a href=\"\/download\/skolska-rada\/sps\/sps_zapis_o_volbach_clenu_skolske_rady_20141111.pdf\">kolsk\u00e9 rady pro SP\u0160 dne 11. 11. 2014 (pdf)<\/a><\/li>\n<li><a href=\"\/download\/skolska-rada\/sps\/sps_zapis_o_volbach_clenu_skolske_rady_20111108.pdf\">Z\u00e1pis o\u00a0volb\u00e1ch \u010dlen\u016f <\/a><a href=\"\/download\/skolska-rada\/sps\/sps_zapis_o_volbach_clenu_skolske_rady_20171107.pdf\">\u0160<\/a><a href=\"\/download\/skolska-rada\/sps\/sps_zapis_o_volbach_clenu_skolske_rady_20111108.pdf\">kolsk\u00e9 rady pro SP\u0160 dne 8. 11. 2011 (pdf)<\/a><\/li>\n<li><a href=\"\/download\/skolska-rada\/sps\/sps_zapis_o_volbach_clenu_skolske_rady_20081111.pdf\">Z\u00e1pis o\u00a0volb\u00e1ch \u010dlen\u016f <\/a><a href=\"\/download\/skolska-rada\/sps\/sps_zapis_o_volbach_clenu_skolske_rady_20171107.pdf\">\u0160<\/a><a href=\"\/download\/skolska-rada\/sps\/sps_zapis_o_volbach_clenu_skolske_rady_20081111.pdf\">kolsk\u00e9 rady pro SP\u0160 dne 11. 11. 2008 (pdf)<\/a><\/li>\n<li><a href=\"\/download\/skolska-rada\/sps\/sps_zapis_o_volbach_clenu_skolske_rady_20051115.pdf\">Z\u00e1pis o\u00a0volb\u00e1ch \u010dlen\u016f <\/a><a href=\"\/download\/skolska-rada\/sps\/sps_zapis_o_volbach_clenu_skolske_rady_20171107.pdf\">\u0160<\/a><a href=\"\/download\/skolska-rada\/sps\/sps_zapis_o_volbach_clenu_skolske_rady_20051115.pdf\">kolsk\u00e9 rady pro SP\u0160 dne 15. 11. 2005 (pdf)<\/a><\/li>\n<\/ul>\n<p>[\/vc_column_text][\/vc_column][vc_column width=&#8220;1\/2&#8243;][vc_column_text]<\/p>\n<h4>Dokumenty \u0161kolsk\u00e9 rady VO\u0160 ke sta\u017een\u00ed:<\/h4>\n<ul>\n<li><a href=\"\/download\/skolska-rada\/vos\/vos_zapis_o_radnych_volbach_skolske_rady_20240411.pdf\">Z\u00e1pis o volb\u00e1ch \u010dlen\u016f \u0161kolsk\u00e9 rady pro VO\u0160 ze dne 17. 4. 2024 (pdf)<\/a><\/li>\n<li><a href=\"\/download\/skolska-rada\/skolska_rada_zakon.pdf\">\u0160kolsk\u00e1 rada &#8211; z\u00e1kon (pdf)<\/a><\/li>\n<li><a href=\"\/download\/skolska-rada\/volebni_rad_skolske_rady.pdf\">Volebn\u00ed \u0159\u00e1d pro volby \u010dlen\u016f \u0160kolsk\u00e9 rady (pdf)<\/a><\/li>\n<li><a href=\"\/download\/skolska-rada\/vos\/vos_jednaci_rad_skolske_rady.pdf\">Jednac\u00ed \u0159\u00e1d \u0160kolsk\u00e9 rady VO\u0160 (pdf)<\/a><\/li>\n<li><a href=\"\/download\/skolska-rada\/vos\/vos_zapis_o_radnych_volbach_skolske_rady_20210911.pdf\">Z\u00e1pis o volb\u00e1ch \u010dlen\u016f \u0161kolsk\u00e9 rady pro VO\u0160 ze dne 11. 9. 2021 (pdf)<\/a><\/li>\n<li><a href=\"\/download\/skolska-rada\/vos\/vos_zprava_o_cinnosti_skolske_rady_2014-2017.pdf\">Zpr\u00e1va o\u00a0\u010dinnosti \u0160kolsk\u00e9 rady VO\u0160 F. K\u0159i\u017e\u00edka za funk\u010dn\u00ed obdob\u00ed 2014 &#8211; 2017 (pdf)<\/a><\/li>\n<li><a href=\"\/download\/skolska-rada\/vos\/vos_zapis_o_volbach_clenu_skolske_rady_20171005.pdf\">Z\u00e1pis o volb\u00e1ch \u010dlen\u016f \u0160kolsk\u00e9 rady pro VO\u0160 dne 5. 10. 2017<\/a><\/li>\n<li><a href=\"\/download\/skolska-rada\/vos\/vos_zapis_o_doplnovacich_volbach_clenu_skolske_rady_20170306.pdf\">Z\u00e1pis o\u00a0dopl\u0148ovac\u00edch volb\u00e1ch \u010dlen\u016f \u0160kolsk\u00e9 rady pro VO\u0160 dne 6. 3. 2017 (pdf)<\/a><\/li>\n<li><a href=\"\/download\/skolska-rada\/vos\/vos_zapis_o_doplnovacich_volbach_clenu_skolske_rady_20161010.pdf\">Z\u00e1pis o\u00a0dopl\u0148ovac\u00edch volb\u00e1ch \u010dlen\u016f \u0160kolsk\u00e9 rady pro VO\u0160 dne 10. 10. 2016 (pdf)<\/a><\/li>\n<li><a href=\"\/download\/skolska-rada\/vos\/vos_zprava_o_cinnosti_skolske_rady_2012-2015.pdf\">Zpr\u00e1va o\u00a0\u010dinnosti \u0160kolsk\u00e9 rady VO\u0160 F. K\u0159i\u017e\u00edka za funk\u010dn\u00ed obdob\u00ed 2012 &#8211; 2015 (pdf)<\/a><\/li>\n<li><a href=\"\/download\/skolska-rada\/vos\/vos_zapis_o_volbach_clenu_skolske_rady_20141111.pdf\">Z\u00e1pis o volb\u00e1ch \u010dlen\u016f \u0160kolsk\u00e9 rady pro VO\u0160 dne 11. 11. 2014 (pdf)<\/a><\/li>\n<li><a href=\"\/download\/skolska-rada\/vos\/vos_zapis_o_doplnovacich_volbach_clenu_skolske_rady_20131017.pdf\">Z\u00e1pis o\u00a0dopl\u0148ovac\u00edch volb\u00e1ch \u010dlen\u016f \u0160kolsk\u00e9 rady pro VO\u0160 dne 17. 10. 2013 (pdf)<\/a><\/li>\n<li><a href=\"\/download\/skolska-rada\/vos\/vos_zapis_o_volbach_clenu_skolske_rady_20111108.pdf\">Z\u00e1pis o volb\u00e1ch \u010dlen\u016f \u0160kolsk\u00e9 rady pro VO\u0160 dne 8. 11. 2011 (pdf)<\/a><\/li>\n<li><a href=\"\/download\/skolska-rada\/vos\/vos_zapis_o_doplnovacich_volbach_clenu_skolske_rady_20101011.pdf\">Z\u00e1pis o\u00a0dopl\u0148ovac\u00edch volb\u00e1ch \u010dlen\u016f \u0160kolsk\u00e9 rady pro VO\u0160 dne 11. 10. 2010 (pdf)<\/a><\/li>\n<li><a href=\"\/download\/skolska-rada\/vos\/vos_zapis_o_volbach_clenu_skolske_rady_20081111.pdf\">Z\u00e1pis o volb\u00e1ch \u010dlen\u016f \u0160kolsk\u00e9 rady pro VO\u0160 dne 11. 11. 2008 (pdf)<\/a><\/li>\n<li><a href=\"\/download\/skolska-rada\/vos\/vos_zapis_o_doplnovacich_volbach_clenu_skolske_rady_20071009.pdf\">Z\u00e1pis o\u00a0dopl\u0148ovac\u00edch volb\u00e1ch \u010dlen\u016f \u0160kolsk\u00e9 rady pro VO\u0160 dne 9. 10. 2007 (pdf) <\/a><\/li>\n<li><a href=\"\/download\/skolska-rada\/vos\/vos_zapis_o_volbach_clenu_skolske_rady_20051115.pdf\">Z\u00e1pis o volb\u00e1ch \u010dlen\u016f \u0160kolsk\u00e9 rady pro VO\u0160 dne 15. 11. 2005 (pdf)<\/a><\/li>\n<\/ul>\n<p>[\/vc_column_text][\/vc_column][\/vc_row]<\/p>\n","protected":false},"excerpt":{"rendered":"<p>[vc_row][vc_column width=&#8220;1\/2&#8243;] [vc_toggle title=&#8220;Mgr. Marie O\u010den\u00e1\u0161kov\u00e1 (p\u0159edsedkyn\u011b)&#8220;] P\u0159edsedkyn\u011b \u0160kolsk\u00e9 rady Z\u00e1stupce pedagog\u016f \u0161koly VO\u0160 a SP\u0160E F. K\u0159i\u017e\u00edka E-mail: marie.ocenaskova@skolakrizik.cz [\/vc_toggle] [vc_toggle title=&#8220;Mgr. Kry\u0161tof Petr\u00e1sek (z. z\u0159izovatele)&#8220;] Z\u00e1stupce z\u0159izovatele E-mail: krystof.petrasek@gmail.com [\/vc_toggle][vc_toggle title=&#8220;Ing. Kate\u0159ina Vondrov\u00e1 (z. z\u0159izovatele)&#8220;] Z\u00e1stupce z\u0159izovatele E-mail: katka.vondrova@gmail.com [vc_toggle title=&#8220;Anna Mudru\u0148kov\u00e1 (z. pedagogick\u00fdch zam\u011bstnanc\u016f)&#8220;] Z\u00e1stupce pedagogick\u00fdch zam\u011bstnanc\u016f E-mail: anna.mudrunkova@skolakrizik.cz [\/vc_toggle][vc_toggle title=&#8220;Petr Svoboda [&hellip;]<\/p>\n","protected":false},"author":1,"featured_media":0,"parent":0,"menu_order":0,"comment_status":"closed","ping_status":"closed","template":"","meta":{"footnotes":""},"class_list":["post-1870","page","type-page","status-publish","hentry"],"_links":{"self":[{"href":"https:\/\/www.skolakrizik.cz\/index.php\/wp-json\/wp\/v2\/pages\/1870","targetHints":{"allow":["GET"]}}],"collection":[{"href":"https:\/\/www.skolakrizik.cz\/index.php\/wp-json\/wp\/v2\/pages"}],"about":[{"href":"https:\/\/www.skolakrizik.cz\/index.php\/wp-json\/wp\/v2\/types\/page"}],"author":[{"embeddable":true,"href":"https:\/\/www.skolakrizik.cz\/index.php\/wp-json\/wp\/v2\/users\/1"}],"replies":[{"embeddable":true,"href":"https:\/\/www.skolakrizik.cz\/index.php\/wp-json\/wp\/v2\/comments?post=1870"}],"version-history":[{"count":51,"href":"https:\/\/www.skolakrizik.cz\/index.php\/wp-json\/wp\/v2\/pages\/1870\/revisions"}],"predecessor-version":[{"id":4689,"href":"https:\/\/www.skolakrizik.cz\/index.php\/wp-json\/wp\/v2\/pages\/1870\/revisions\/4689"}],"wp:attachment":[{"href":"https:\/\/www.skolakrizik.cz\/index.php\/wp-json\/wp\/v2\/media?parent=1870"}],"curies":[{"name":"wp","href":"https:\/\/api.w.org\/{rel}","templated":true}]}}