{"id":1932,"date":"2018-08-21T10:01:05","date_gmt":"2018-08-21T08:01:05","guid":{"rendered":"https:\/\/www.skolakrizik.cz\/?page_id=1932"},"modified":"2025-05-08T17:43:29","modified_gmt":"2025-05-08T15:43:29","slug":"elektrotechnika","status":"publish","type":"page","link":"https:\/\/www.skolakrizik.cz\/index.php\/elektrotechnika\/","title":{"rendered":"26-41-M\/01 ELEKTROTECHNIKA"},"content":{"rendered":"<p>[vc_row][vc_column width=&#8220;1\/2&#8243;][vc_column_text]<\/p>\n<h3>Specifikace oboru<\/h3>\n<p><strong>K\u00f3d oboru a n\u00e1zev:<\/strong> 26-41-M\/01 Elektrotechnika<\/p>\n<p><strong>Kategorie vzd\u011bl\u00e1v\u00e1n\u00ed:<\/strong> \u00dapln\u00e9 st\u0159edn\u00ed odborn\u00e9 vzd\u011bl\u00e1n\u00ed s maturitou<\/p>\n<p><strong>D\u00e9lka studia:<\/strong> 4 roky<\/p>\n<p><strong>Forma studia:<\/strong> Denn\u00ed &#8211; prezen\u010dn\u00ed<\/p>\n<p><strong>Zakon\u010den\u00ed studia:<\/strong> Maturitn\u00ed zkou\u0161ka<\/p>\n<p><strong>\u0160koln\u00ed vzd\u011bl\u00e1vac\u00ed program (\u0160VP):<\/strong> Elektrotechnika<\/p>\n<p><strong>Studijn\u00ed trajektorie:<\/strong><br \/>\nOdborn\u00e9 p\u0159edm\u011bty, se kter\u00fdmi se student setk\u00e1 b\u011bhem 4 let sv\u00e9ho studia a jejich vz\u00e1jemn\u00e1 n\u00e1vaznost.<\/p>\n<p>[vc_empty_space height=&#8220;15px&#8220;]<\/p>\n<p><a href=\"https:\/\/www.skolakrizik.cz\/download\/studijni-obory\/sps_studijni_trajektorie_EL_denni.pdf\" target=\"_blank\" rel=\"noopener\"><img loading=\"lazy\" decoding=\"async\" class=\"aligncenter wp-image-3915\" src=\"https:\/\/www.skolakrizik.cz\/wp-content\/uploads\/2023\/05\/el-trajektorie-300x211.png\" alt=\"\" width=\"450\" height=\"317\" srcset=\"https:\/\/www.skolakrizik.cz\/wp-content\/uploads\/2023\/05\/el-trajektorie-300x211.png 300w, https:\/\/www.skolakrizik.cz\/wp-content\/uploads\/2023\/05\/el-trajektorie-1024x722.png 1024w, https:\/\/www.skolakrizik.cz\/wp-content\/uploads\/2023\/05\/el-trajektorie-768x541.png 768w, https:\/\/www.skolakrizik.cz\/wp-content\/uploads\/2023\/05\/el-trajektorie-600x423.png 600w, https:\/\/www.skolakrizik.cz\/wp-content\/uploads\/2023\/05\/el-trajektorie.png 1267w\" sizes=\"auto, (max-width: 450px) 100vw, 450px\" \/><\/a>[vc_empty_space height=&#8220;15px&#8220;]<\/p>\n<p><strong>U\u010debn\u00ed pl\u00e1n:<\/strong><\/p>\n<p style=\"text-align: justify;\">P\u0159ehled v\u0161ech odborn\u00fdch i v\u0161eobecn\u011b vzd\u011bl\u00e1vac\u00edch p\u0159edm\u011bt\u016f po dobu 4 let s \u010dasovou dotac\u00ed ve v\u00fdukov\u00e9m t\u00fddnu. Sloupec cvi\u010den\u00ed znamen\u00e1, kolik hodin je v\u011bnov\u00e1no praktick\u00e9mu procvi\u010dov\u00e1n\u00ed z po\u010dtu hodin v\u00fdkladu. Nap\u0159. 5\/2 znamen\u00e1, \u017ee z 5 celkov\u00fdch hodin t\u00fddn\u011b, jsou 2 hodiny cvi\u010den\u00ed t\u00fddn\u011b.<\/p>\n<p><a href=\"https:\/\/www.skolakrizik.cz\/download\/studijni-obory\/sps_ucebni_plan_el_denni.pdf\" target=\"_blank\" rel=\"noopener\">U\u010debn\u00ed pl\u00e1n oboru elektrotechnika denn\u00ed studium (pdf)<\/a><\/p>\n<p><strong>P\u0159edpoklady pro studium tohoto oboru:<\/strong> Matematika, Fyzika.[\/vc_column_text][\/vc_column][vc_column width=&#8220;1\/2&#8243;][vc_column_text]<\/p>\n<h3>Popis studia<\/h3>\n<p style=\"text-align: justify;\">Vzd\u011bl\u00e1v\u00e1n\u00ed student\u016f oboru informa\u010dn\u00ed technologie vych\u00e1z\u00ed ze spole\u010dn\u00e9ho teoretick\u00e9ho z\u00e1kladu sou\u010dasn\u00e9 elektrotechniky, kter\u00fdm se budou studenti pr\u016fb\u011b\u017en\u011b seznamovat v pr\u016fb\u011bhu cel\u00e9ho studia. Ke spole\u010dn\u00e9mu z\u00e1kladu elektrotechniky jsou ji\u017e od prvn\u00edho ro\u010dn\u00edku p\u0159idru\u017eeny i dal\u0161\u00ed odborn\u00e9 p\u0159edm\u011bty jako je energetika, elektrick\u00e9 stroje a elektrotechnick\u00e1 m\u011b\u0159en\u00ed.\u00a0 Vedle odborn\u00fdch p\u0159edm\u011bt\u016f a praxe se studenti u\u010d\u00ed i v\u0161eobecn\u011b vzd\u011bl\u00e1vac\u00ed p\u0159edm\u011bty. Ze v\u0161eobecn\u00fdch p\u0159edm\u011bt\u016f je kladen d\u016fraz zejm\u00e9na na anglick\u00fd jazyk pro komunikaci a \u010desk\u00fd jazyk pro \u00fasp\u011b\u0161n\u00e9 absolvov\u00e1n\u00ed maturitn\u00ed zkou\u0161ky.<\/p>\n<p style=\"text-align: justify;\">Absolventi maj\u00ed znalosti a schopnosti \u0159e\u0161it technick\u00e9 a ekonomick\u00e9 probl\u00e9my jak v oblasti automatiza\u010dn\u00ed, v\u00fdpo\u010detn\u00ed i \u010d\u00edslicov\u00e9 techniky a spot\u0159ebn\u00ed elektroniky, tak v oblasti silnoproud\u00e9 elektrotechniky. Absolvent je univerz\u00e1ln\u00ed technik v cel\u00e9 oblasti elektrotechniky.<\/p>\n<h3>Uplatn\u011bn\u00ed absolvent\u016f<\/h3>\n<p style=\"text-align: justify;\">Absolventi mohou pracovat jako program\u00e1to\u0159i CNC apod., energetici, konstrukt\u00e9\u0159i, projektanti, v\u00fdvojov\u00ed pracovn\u00edci, zku\u0161ebn\u00ed technici a\u00a0dal\u0161\u00ed technicko-hospod\u00e1\u0159\u0161t\u00ed pracovn\u00edci na r\u016fzn\u00fdch \u00farovn\u00edch. V\u0161ichni absolventi jsou p\u0159ipraveni pro p\u0159\u00edpadn\u00e9 pokra\u010dov\u00e1n\u00ed ve studiu na vysok\u00e9 \u0161kole libovoln\u00e9ho sm\u011bru nebo na <a href=\"https:\/\/www.skolakrizik.cz\/index.php\/studijni-obor-vos\/\">VO\u0160 Franti\u0161ka K\u0159i\u017e\u00edka<\/a>. V\u0161ichni absolventi jsou p\u0159ipraveni pro p\u0159\u00edpadn\u00e9 pokra\u010dov\u00e1n\u00ed ve studiu na vysok\u00e9 \u0161kole libovoln\u00e9ho sm\u011bru. Nej\u010dast\u011bji na\u0161i absolventi nav\u0161t\u011bvuj\u00ed vysok\u00e9 \u0161koly:<\/p>\n<ul>\n<li><a href=\"https:\/\/www.fel.cvut.cz\/cz\/\" target=\"_blank\" rel=\"noopener\">Fakulta elektrotechniky \u010cVUT v Praze (FEL)<\/a>.<\/li>\n<li><a href=\"https:\/\/www.tf.czu.cz\/cs\/\" target=\"_blank\" rel=\"noopener\">Technick\u00e1 fakulta \u010cZU v Praze (TF)<\/a>.<\/li>\n<li><a href=\"https:\/\/www.pef.czu.cz\/cs\/\" target=\"_blank\" rel=\"noopener\">Provozn\u011b ekonomick\u00e1 fakulta \u010cZU v Praze (PEF)<\/a>.<\/li>\n<\/ul>\n<p>[\/vc_column_text][\/vc_column][\/vc_row][vc_row][vc_column][vc_empty_space]<div class=\"themeum-title  \" style=\"text-align:left;\"><h3 class=\"style-title2\" style=\"font-size:30px;line-height: normal;color:#1674bb;\"><span class=\"span-title2\" style=\"padding:;\">OBLASTI STUDIA ELEKTROTECHNIKY<\/span><\/h3><\/div>[vc_separator color=&#8220;custom&#8220; border_width=&#8220;3&#8243; accent_color=&#8220;#1674bb&#8220;][vc_empty_space height=&#8220;25px&#8220;][\/vc_column][\/vc_row][vc_row][vc_column][vc_column_text]<\/p>\n<h4><strong>Elektrick\u00e9 stroje a p\u0159\u00edstroje &#8211; elektromobilita<br \/>\n<\/strong><\/h4>\n<p style=\"text-align: justify;\">Zaj\u00edm\u00e1 t\u011b, jak funguj\u00ed nejnov\u011bj\u0161\u00ed elektrick\u00e9 stroje? Chce\u0161 v\u011bd\u011bt, jak si spr\u00e1vn\u011b vybrat pot\u0159ebn\u00fd stroj? V\u00a0tomto p\u0159edm\u011btu se toto v\u0161echno nau\u010d\u00ed\u0161. D\u00edky n\u011bmu z\u00edsk\u00e1\u0161 v\u0161eobecn\u00fd rozhled, kter\u00fd bude\u0161 moci uplatnit i v\u00a0jin\u00fdch p\u0159edm\u011btech, jako nap\u0159\u00edklad Elektrotechnick\u00e1 m\u011b\u0159en\u00ed, ve kter\u00fdch bude\u0161 na t\u011bchto prob\u00e1dan\u00fdch stroj\u00edch m\u011b\u0159it. Ale co praktick\u00e9 vyu\u017eit\u00ed elektrick\u00fdch stroj\u016f? K\u00a0tomu ti dob\u0159e poslou\u017e\u00ed zam\u011b\u0159en\u00ed Elektromobilita, kde ti nast\u00edn\u00edme danou problematiku a nau\u010d\u00edme t\u011b se v n\u00ed orientovat.<\/p>\n<p>[vc_empty_space height=&#8220;15px&#8220;]<\/p>\n<h4><strong>CAD syst\u00e9my a 3D tisk<br \/>\n<\/strong><\/h4>\n<p style=\"text-align: justify;\">Tento p\u0159edm\u011bt navazuje na poznatky z\u00edskan\u00e9 z\u00a0hodin technick\u00e9ho kreslen\u00ed. Tyto z\u00edskan\u00e9 v\u011bdomosti d\u00e1le rozvine\u0161 v programu AutoCAD, kde bude\u0161 kreslit 2D, ale i 3D v\u00fdkresy. Takov\u00fd v\u00fdkres se hod\u00ed pro projekty, a tak m\u00e1\u0161 skv\u011bl\u00fd z\u00e1klad pro to, b\u00fdt projektantem, kter\u00fd nav\u00edc m\u016f\u017ee\u00a0<a href=\"https:\/\/www.skolakrizik.cz\/index.php\/autodesk-academia\/\">z\u00edskat certifik\u00e1t<\/a>. Cel\u00e1 tvoje pr\u00e1ce v\u00a0programu AutoCAD bude m\u00edt n\u00e1vaznost v\u00a0hodin\u00e1ch praktick\u00e9ho vyu\u010dov\u00e1n\u00ed, kde se nau\u010d\u00ed\u0161 vytv\u00e1\u0159et kompletn\u00ed projekty elektroinstalac\u00ed. Touto prac\u00ed se tak\u00e9 bude\u0161 moci p\u0159\u00edmo pod\u00edlet na n\u011bkter\u00fdch projektech ve \u0161kole. Na z\u00e1v\u011br je dobr\u00e9 zm\u00ednit, \u017ee n\u011bkter\u00e9 3D n\u00e1vrhy si u n\u00e1s m\u016f\u017ee\u0161 vytisknout na na\u0161ich 3D tisk\u00e1rn\u00e1ch.<\/p>\n<p>[vc_empty_space height=&#8220;15px&#8220;]<\/p>\n<h4><strong>Elektroenergetika<br \/>\n<\/strong><\/h4>\n<p style=\"text-align: justify;\">Energie h\u00fdbe sv\u011btem a bez elektrick\u00e9 energie si dnes ji\u017e sv\u016fj \u017eivot um\u00ed p\u0159edstavit jen m\u00e1lokdo. Elektrickou energii mus\u00edme vyrobit, ale tak\u00e9 spolehliv\u011b dopravit a\u017e ke koncov\u00e9mu spot\u0159ebiteli. K\u00a0tomu n\u00e1m slou\u017e\u00ed elektriza\u010dn\u00ed soustava. V\u00a0pr\u016fb\u011bhu 3. a 4. ro\u010dn\u00edku se sezn\u00e1m\u00ed\u0161 se v\u0161emi \u010d\u00e1stmi elektriza\u010dn\u00ed soustavy.<\/p>\n<p style=\"text-align: justify;\">Ve 3. ro\u010dn\u00edku za\u010dneme p\u0159ehledem v\u0161ech s\u00edt\u00ed. Nau\u010d\u00ed\u0161 se vytvo\u0159it projekt elektrick\u00e9 instalace v\u00a0byt\u011b a v\u00a0hodin\u00e1ch praxe si bude\u0161 moci vyzkou\u0161et kreslit sv\u016fj n\u00e1vrh v\u00a0programu CAD, jako to d\u011blaj\u00ed b\u011b\u017en\u011b projektanti.<\/p>\n<p style=\"text-align: justify;\">Nau\u010d\u00edme t\u011b po\u010d\u00edtat s\u00edt\u011b n\u00edzk\u00e9ho i vysok\u00e9ho nap\u011bt\u00ed. Bude\u0161 um\u011bt spr\u00e1vn\u011b navrhnout nap\u00e1jec\u00ed vodi\u010de a jejich ji\u0161t\u011bn\u00ed.<\/p>\n<p style=\"text-align: justify;\">Ve 4. ro\u010dn\u00edku se sezn\u00e1m\u00ed\u0161 se v\u0161emi druhy elektr\u00e1ren a veden\u00edmi nejvy\u0161\u0161\u00edch nap\u011b\u0165ov\u00fdch hladin. D\u016fle\u017eit\u00e9 je tak\u00e9 pochopit, jak m\u016f\u017eeme elektriza\u010dn\u00ed soustavu \u0159\u00eddit. V\u00a0soustav\u011b m\u016f\u017ee doch\u00e1zet k\u00a0\u0159ad\u011b poruch, a proto je d\u016fle\u017eit\u00e9 je zn\u00e1t a um\u011bt p\u0159ed nimi soustavu ochr\u00e1nit. Nau\u010d\u00ed\u0161 se rozezn\u00e1vat nejv\u00fdznamn\u011bj\u0161\u00ed poruchy a zp\u016fsoby ochran p\u0159ed jejich \u00fa\u010dinky.<\/p>\n<p style=\"text-align: justify;\">Teoretick\u00e1 v\u00fduka je dopln\u011bn\u00e1 zpracov\u00e1n\u00edm konkr\u00e9tn\u00edch re\u00e1ln\u00fdch projekt\u016f a odborn\u00fdmi exkurzemi do v\u00fdrobn\u00edch provoz\u016f, elektr\u00e1ren a rozvoden.<\/p>\n<p>[\/vc_column_text][\/vc_column][\/vc_row][vc_row][vc_column][vc_empty_space]<div class=\"themeum-title  \" style=\"text-align:left;\"><h3 class=\"style-title2\" style=\"font-size:30px;line-height: normal;color:#1674bb;\"><span class=\"span-title2\" style=\"padding:;\">P\u0158EHLED ODBORN\u00ddCH P\u0158EDM\u011aT\u016e PO DOBU STUDIA<\/span><\/h3><\/div>[vc_separator color=&#8220;custom&#8220; border_width=&#8220;3&#8243; accent_color=&#8220;#1674bb&#8220;][vc_empty_space height=&#8220;25px&#8220;][\/vc_column][\/vc_row][vc_row][vc_column width=&#8220;1\/2&#8243; height=&#8220;32px&#8220;][vc_column_text]<strong>ELEKTRICK\u00c9 STROJE A P\u0158\u00cdSTROJE<\/strong><br \/>\ntransform\u00e1tory \u2013 induk\u010dn\u00ed motory \u2013 gener\u00e1tory \u2013 line\u00e1rn\u00ed motory \u2013<br \/>\nkrokov\u00e9 motory \u2013 EC motory \u2013 frekven\u010dn\u00ed m\u011bni\u010de<\/p>\n<p><strong>ELEKTROENERGETIKA<\/strong><br \/>\nelektriza\u010dn\u00ed soustava \u2013 dimenzov\u00e1n\u00ed a ji\u0161t\u011bn\u00ed \u2013 instalace NN \u2013 VN \u2013 VVN \u2013 zkraty \u2013 p\u0159ep\u011bt\u00ed \u2013 v\u00fdroba \u2013 \u0159\u00edzen\u00ed soustav<\/p>\n<p><strong>ELEKTRICK\u00c1 ZA\u0158\u00cdZEN\u00cd<\/strong><br \/>\nsv\u011btlo \u2013 teplo \u2013 pohony \u2013 elektromobiln\u00ed syst\u00e9my \u2013 akumulace \u2013<br \/>\nnab\u00edjec\u00ed stanice<\/p>\n<p><strong>ELEKTRICK\u00c1 M\u011a\u0158EN\u00cd<\/strong><br \/>\nm\u011b\u0159\u00edc\u00ed p\u0159\u00edstroje \u2013 metody m\u011b\u0159en\u00ed \u2013 praktick\u00e1 m\u011b\u0159en\u00ed v laborato\u0159\u00edch<\/p>\n<p><strong>INFORMA\u010cN\u00cd A KOMUNIKA\u010cN\u00cd TECHNOLOGIE<\/strong><br \/>\npo\u010d\u00edta\u010dov\u00e9 s\u00edt\u011b \u2013 bezpe\u010dnost dat \u2013 grafika \u2013 webov\u00e9 str\u00e1nky \u2013<br \/>\nprogramov\u00e1n\u00ed \u2013 datab\u00e1ze[\/vc_column_text][\/vc_column][vc_column width=&#8220;1\/2&#8243;][vc_column_text]<strong>OBNOVITELN\u00c9 ZDROJE ENERGIE<\/strong><br \/>\nvodn\u00ed \u2013 v\u011btrn\u00e9 \u2013 fotovoltaick\u00e9 \u2013 spalov\u00e1n\u00ed biomasy \u2013<br \/>\nbioplynov\u00e9 stanice<\/p>\n<p><strong>AUTOMATIZA\u010cN\u00cd TECHNIKA A ROBOTIKA<\/strong><br \/>\nsn\u00edma\u010de \u2013 komunikace \u2013 p\u0159enos sign\u00e1l\u016f \u2013 ak\u010dn\u00ed prvky \u2013 programov\u00e1n\u00ed \u2013<br \/>\nPLC \u2013 robotika \u2013 manipul\u00e1tory<\/p>\n<p><strong>ELEKTRONIKA<\/strong><br \/>\nprvky obvod\u016f \u2013 filtry \u2013 zesilova\u010de \u2013 oscil\u00e1tory \u2013 nap\u00e1jec\u00ed zdroje \u2013<br \/>\nv\u00fdkonov\u00e1 elektronika \u2013 audiovizu\u00e1ln\u00ed technika<\/p>\n<p><strong>EZS SYST\u00c9MY<\/strong><br \/>\npoplachov\u00e9 syst\u00e9my \u2013 instalace a rozvody \u2013 kamerov\u00e9 syst\u00e9my \u2013<br \/>\ndiagnostika<\/p>\n<p><strong>CAD SYST\u00c9MY<\/strong><br \/>\nvlastnosti a funkce CAD syst\u00e9m\u016f \u2013 2D \u2013 3D \u2013 AutoCAD \u2013 Invertor \u2013<br \/>\n3D tisk[\/vc_column_text][\/vc_column][\/vc_row]<\/p>\n","protected":false},"excerpt":{"rendered":"<p>[vc_row][vc_column width=&#8220;1\/2&#8243;][vc_column_text] Specifikace oboru K\u00f3d oboru a n\u00e1zev: 26-41-M\/01 Elektrotechnika Kategorie vzd\u011bl\u00e1v\u00e1n\u00ed: \u00dapln\u00e9 st\u0159edn\u00ed odborn\u00e9 vzd\u011bl\u00e1n\u00ed s maturitou D\u00e9lka studia: 4 roky Forma studia: Denn\u00ed &#8211; prezen\u010dn\u00ed Zakon\u010den\u00ed studia: Maturitn\u00ed zkou\u0161ka \u0160koln\u00ed vzd\u011bl\u00e1vac\u00ed program (\u0160VP): Elektrotechnika Studijn\u00ed trajektorie: Odborn\u00e9 p\u0159edm\u011bty, se kter\u00fdmi se student setk\u00e1 b\u011bhem 4 let sv\u00e9ho studia a jejich vz\u00e1jemn\u00e1 n\u00e1vaznost. [vc_empty_space [&hellip;]<\/p>\n","protected":false},"author":1,"featured_media":0,"parent":0,"menu_order":0,"comment_status":"closed","ping_status":"closed","template":"","meta":{"footnotes":""},"class_list":["post-1932","page","type-page","status-publish","hentry"],"_links":{"self":[{"href":"https:\/\/www.skolakrizik.cz\/index.php\/wp-json\/wp\/v2\/pages\/1932","targetHints":{"allow":["GET"]}}],"collection":[{"href":"https:\/\/www.skolakrizik.cz\/index.php\/wp-json\/wp\/v2\/pages"}],"about":[{"href":"https:\/\/www.skolakrizik.cz\/index.php\/wp-json\/wp\/v2\/types\/page"}],"author":[{"embeddable":true,"href":"https:\/\/www.skolakrizik.cz\/index.php\/wp-json\/wp\/v2\/users\/1"}],"replies":[{"embeddable":true,"href":"https:\/\/www.skolakrizik.cz\/index.php\/wp-json\/wp\/v2\/comments?post=1932"}],"version-history":[{"count":27,"href":"https:\/\/www.skolakrizik.cz\/index.php\/wp-json\/wp\/v2\/pages\/1932\/revisions"}],"predecessor-version":[{"id":4410,"href":"https:\/\/www.skolakrizik.cz\/index.php\/wp-json\/wp\/v2\/pages\/1932\/revisions\/4410"}],"wp:attachment":[{"href":"https:\/\/www.skolakrizik.cz\/index.php\/wp-json\/wp\/v2\/media?parent=1932"}],"curies":[{"name":"wp","href":"https:\/\/api.w.org\/{rel}","templated":true}]}}