{"id":2077,"date":"2018-08-27T12:51:29","date_gmt":"2018-08-27T10:51:29","guid":{"rendered":"https:\/\/www.skolakrizik.cz\/?page_id=2077"},"modified":"2026-04-10T07:41:38","modified_gmt":"2026-04-10T05:41:38","slug":"verejne-zakazky","status":"publish","type":"page","link":"https:\/\/www.skolakrizik.cz\/index.php\/verejne-zakazky\/","title":{"rendered":"Ve\u0159ejn\u00e9 zak\u00e1zky"},"content":{"rendered":"<p>[vc_row][vc_column width=&#8220;1\/2&#8243;]<\/p>\n<p><a href=\"https:\/\/www.prahaskolska.eu\/mhmp-post\/metodika-hodnoceni-plnospektralnich-svetelnych-zdroju\/\">Metodika hodnocen\u00ed plnospektr\u00e1ln\u00edch sv\u011bteln\u00fdch zdroj\u016f <\/a>(webov\u00e9 str\u00e1nky HMP)<\/p>\n<p>[\/vc_column][\/vc_row]<\/p>\n<p>[vc_row][vc_column width=&#8220;1\/2&#8243;]<div class=\"themeum-title  \" style=\"\"><h3 class=\"style-title2\" style=\"color:#333333;\"><span class=\"span-title2\" style=\"padding:;\">Nov\u00e1 v\u00fdb\u011brov\u00e1 \u0159\u00edzen\u00ed<\/span><\/h3><\/div>\n<p><a href=\"https:\/\/skolakrizik.cz\/download\/verejne-zakazky\/vyhlasena_vyzva_o_vyberu_nejvhodnejsi_nabidky_Disky_2026.pdf\" target=\"_blank\" rel=\"noopener\">Vyhl\u00e1\u0161en\u00e1 v\u00fdzva o v\u00fdb\u011bru nejvhodn\u011bj\u0161\u00ed nab\u00eddky s n\u00e1zvem &#8222;Disky 2026&#8220; (pdf)<\/a><\/p>\n<p>[\/vc_column][vc_column width=&#8220;1\/2&#8243;]<div class=\"themeum-title  \" style=\"\"><h3 class=\"style-title2\" style=\"color:#333333;\"><span class=\"span-title2\" style=\"padding:;\">Prob\u011bhl\u00e1 v\u00fdb\u011brov\u00e1 \u0159\u00edzen\u00ed<\/span><\/h3><\/div>[vc_column_text]<strong>V\u00fdsledky v\u00fdb\u011brov\u00e9ho \u0159\u00edzen\u00ed lze dohledat v\u00a0<a href=\"https:\/\/smlouvy.gov.cz\/\">registru smluv<\/a>.<\/strong>[\/vc_column_text][vc_column_text]<\/p>\n<h4>2025<\/h4>\n<p><a href=\"\/download\/verejne-zakazky\/rozhodnuti_o_vyberu_nejvhodnejsi_nabidky_Schodiste_Karlin_2026.pdf\" target=\"_blank\" rel=\"noopener\">Rozhodnut\u00ed o v\u00fdb\u011bru nejvhodn\u011bj\u0161\u00ed nab\u00eddky v r\u00e1mci ve\u0159ejn\u00e9 zak\u00e1zky po odstoupen\u00ed v\u00edt\u011bzn\u00e9 firmy s n\u00e1zvem &#8222;Schodi\u0161t\u011b Karl\u00edn 2026<\/a><a href=\"\/download\/verejne-zakazky\/rozhodnuti_o_vyberu_nejvhodnejsi_nabidky_Tablety_2025.pdf\" target=\"_blank\" rel=\"noopener\">&#8220; (pdf)<\/a><\/p>\n<p><a href=\"\/download\/verejne-zakazky\/rozhodnuti_o_vyberu_nejvhodnejsi_nabidky_Tablety_2025.pdf\" target=\"_blank\" rel=\"noopener\">Rozhodnut\u00ed o v\u00fdb\u011bru nejvhodn\u011bj\u0161\u00ed nab\u00eddky v r\u00e1mci ve\u0159ejn\u00e9 zak\u00e1zky po odstoupen\u00ed v\u00edt\u011bzn\u00e9 firmy s n\u00e1zvem &#8222;Tablety 2025&#8220; (pdf)<\/a><\/p>\n<p><a href=\"\/download\/verejne-zakazky\/rozhodnuti_o_vyberu_nejvhodnejsi_nabidky_Interaktivni_zarizeni_2025_2.pdf\" target=\"_blank\" rel=\"noopener\">Rozhodnut\u00ed o v\u00fdb\u011bru nejvhodn\u011bj\u0161\u00ed nab\u00eddky v r\u00e1mci ve\u0159ejn\u00e9 zak\u00e1zky po odstoupen\u00ed v\u00edt\u011bzn\u00e9 firmy s n\u00e1zvem &#8222;Interaktivn\u00ed za\u0159\u00edzen\u00ed 2025&#8220; (pdf)<\/a><\/p>\n<p><a href=\"\/download\/verejne-zakazky\/rozhodnuti_o_vyberu_nejvhodnejsi_nabidky_Interaktivni_zarizeni_2025.pdf\" target=\"_blank\" rel=\"noopener\">Rozhodnut\u00ed o v\u00fdb\u011bru nejvhodn\u011bj\u0161\u00ed nab\u00eddky v r\u00e1mci ve\u0159ejn\u00e9 zak\u00e1zky s n\u00e1zvem &#8222;Interaktivn\u00ed za\u0159\u00edzen\u00ed 2025&#8220; (pdf)<\/a><\/p>\n<p style=\"padding-left: 40px;\"><a href=\"https:\/\/skolakrizik.cz\/download\/verejne-zakazky\/vyhlasena_vyzva_o_vyberu_nejvhodnejsi_nabidky_Interaktivni_zarizeni_priloha_2025.pdf\" target=\"_blank\" rel=\"noopener\">P\u0159\u00edloha k nab\u00eddce s n\u00e1zvem &#8222;Interaktivn\u00ed za\u0159\u00edzen\u00ed 2025&#8220; (pdf)<\/a><\/p>\n<p><a href=\"\/download\/verejne-zakazky\/rozhodnuti_o_vyberu_nejvhodnejsi_nabidky_Klimatizace_2025.pdf\" target=\"_blank\" rel=\"noopener\">Rozhodnut\u00ed o v\u00fdb\u011bru nejvhodn\u011bj\u0161\u00ed nab\u00eddky v r\u00e1mci ve\u0159ejn\u00e9 zak\u00e1zky s n\u00e1zvem &#8222;Klimatizace 2025&#8220; (pdf)<\/a><\/p>\n<p style=\"padding-left: 40px;\"><a href=\"https:\/\/skolakrizik.cz\/download\/verejne-zakazky\/vyhlasena_vyzva_o_vyberu_nejvhodnejsi_nabidky_Klimatizace_priloha_2025.pdf\" target=\"_blank\" rel=\"noopener\">P\u0159\u00edloha k nab\u00eddce s n\u00e1zvem &#8222;Klimatizace 2025&#8220; (pdf)<\/a><\/p>\n<p><a href=\"\/download\/verejne-zakazky\/rozhodnuti_o_vyberu_nejvhodnejsi_nabidky_Prodejna_2025.pdf\" target=\"_blank\" rel=\"noopener\">Rozhodnut\u00ed o v\u00fdb\u011bru nejvhodn\u011bj\u0161\u00ed nab\u00eddky v r\u00e1mci ve\u0159ejn\u00e9 zak\u00e1zky s n\u00e1zvem &#8222;Prodejna 2025&#8220; (pdf)<\/a><\/p>\n<p><a href=\"\/download\/verejne-zakazky\/rozhodnuti_o_vyberu_nejvhodnejsi_nabidky_Merici_pristroje_2025.pdf\" target=\"_blank\" rel=\"noopener\">Rozhodnut\u00ed o v\u00fdb\u011bru nejvhodn\u011bj\u0161\u00ed nab\u00eddky v r\u00e1mci ve\u0159ejn\u00e9 zak\u00e1zky s n\u00e1zvem &#8222;M\u011b\u0159\u00edc\u00ed p\u0159\u00edstroje 2025&#8220; (pdf)<\/a><\/p>\n<p><a href=\"\/download\/verejne-zakazky\/rozhodnuti_o_vyberu_nejvhodnejsi_nabidky_Rekonstrukce_IT_techniky_2025_metalicka_sit.pdf\" target=\"_blank\" rel=\"noopener\">Rozhodnut\u00ed o v\u00fdb\u011bru nejvhodn\u011bj\u0161\u00ed nab\u00eddky v r\u00e1mci ve\u0159ejn\u00e9 zak\u00e1zky s n\u00e1zvem &#8222;Rekonstrukce IT techniky 2025 &#8211; metalick\u00e1 s\u00ed\u0165&#8220; (pdf)<\/a><\/p>\n<p><a href=\"\/download\/verejne-zakazky\/rozhodnuti_o_vyberu_nejvhodnejsi_nabidky_Pocitace_2025.pdf\" target=\"_blank\" rel=\"noopener\">Rozhodnut\u00ed o v\u00fdb\u011bru nejvhodn\u011bj\u0161\u00ed nab\u00eddky v r\u00e1mci ve\u0159ejn\u00e9 zak\u00e1zky s n\u00e1zvem &#8222;Po\u010d\u00edta\u010de 2025&#8220; (pdf)<\/a><\/p>\n<p><a href=\"\/download\/verejne-zakazky\/rozhodnuti_o_vyberu_nejvhodnejsi_nabidky_Osvetleni_LED_2025_treti_etapa.pdf\">Rozhodnut\u00ed o v\u00fdb\u011bru nejvhodn\u011bj\u0161\u00ed nab\u00eddky v r\u00e1mci ve\u0159ejn\u00e9 zak\u00e1zky s n\u00e1zvem &#8222;Osv\u011btlen\u00ed LED 2025 &#8211; t\u0159et\u00ed etapa&#8220; (pdf)<\/a><\/p>\n<p><a href=\"\/download\/verejne-zakazky\/rozhodnuti_o_vyberu_nejvhodnejsi_nabidky_Socialni_zarizeni_2025.pdf\">Rozhodnut\u00ed o v\u00fdb\u011bru nejvhodn\u011bj\u0161\u00ed nab\u00eddky v r\u00e1mci ve\u0159ejn\u00e9 zak\u00e1zky s n\u00e1zvem &#8222;Soci\u00e1ln\u00ed za\u0159\u00edzen\u00ed 2025&#8220; (pdf)<\/a><\/p>\n<p>[vc_toggle title=&#8220;2024 (kliknut\u00edm rozbalit)&#8220;]<\/p>\n<p><a href=\"\/download\/verejne-zakazky\/rozhodnuti_o_vyberu_nejvhodnejsi_nabidky_VR_-_prvni_pomoc.pdf\">Rozhodnut\u00ed o v\u00fdb\u011bru nejvhodn\u011bj\u0161\u00ed nab\u00eddky v r\u00e1mci ve\u0159ejn\u00e9 zak\u00e1zky s n\u00e1zvem &#8222;VR &#8211; prvn\u00ed pomoc 2024&#8220; (pdf)<\/a><\/p>\n<p><a href=\"\/download\/verejne-zakazky\/rozhodnuti_o_vyberu_nejvhodnejsi_nabidky_Kamerovy_system2_2024.pdf\">Rozhodnut\u00ed o v\u00fdb\u011bru nejvhodn\u011bj\u0161\u00ed nab\u00eddky v r\u00e1mci ve\u0159ejn\u00e9 zak\u00e1zky s n\u00e1zvem &#8222;Kamerov\u00fd syst\u00e9m 2024&#8220; (pdf)<\/a><\/p>\n<p><a href=\"\/download\/verejne-zakazky\/rozhodnuti_o_vyberu_nejvhodnejsi_nabidky_Interaktivni_zarizeni_2024.pdf\">Rozhodnut\u00ed o v\u00fdb\u011bru nejvhodn\u011bj\u0161\u00ed nab\u00eddky v r\u00e1mci ve\u0159ejn\u00e9 zak\u00e1zky s n\u00e1zvem &#8222;Interaktivn\u00ed za\u0159\u00edzen\u00ed 2024&#8220; (pdf)<\/a><\/p>\n<p><a href=\"\/download\/verejne-zakazky\/rozhodnuti_o_vyberu_nejvhodnejsi_nabidky_Opticka_sit_2024.pdf\">Rozhodnut\u00ed o v\u00fdb\u011bru nejvhodn\u011bj\u0161\u00ed nab\u00eddky v r\u00e1mci ve\u0159ejn\u00e9 zak\u00e1zky s n\u00e1zvem &#8222;Optick\u00e1 s\u00ed\u0165 2024&#8220; (pdf)<\/a><\/p>\n<p><a href=\"\/download\/verejne-zakazky\/rozhodnuti_o_vyberu_nejvhodnejsi_nabidky_Pocitace_2024.pdf\">Rozhodnut\u00ed o v\u00fdb\u011bru nejvhodn\u011bj\u0161\u00ed nab\u00eddky v r\u00e1mci ve\u0159ejn\u00e9 zak\u00e1zky s n\u00e1zvem &#8222;Po\u010d\u00edta\u010de 2024&#8220; (pdf)<\/a><\/p>\n<p><a href=\"\/download\/verejne-zakazky\/rozhodnuti_o_vyberu_nejvhodnejsi_nabidky_Socialni_zarizeni_2024.pdf\">Rozhodnut\u00ed o v\u00fdb\u011bru nejvhodn\u011bj\u0161\u00ed nab\u00eddky v r\u00e1mci ve\u0159ejn\u00e9 zak\u00e1zky s n\u00e1zvem &#8222;<\/a><a href=\"\/download\/verejne-zakazky\/rozhodnuti_o_vyberu_nejvhodnejsi_nabidky_Socialni_zarizeni_2024.pdf\">Soci\u00e1ln\u00ed za\u0159\u00edzen\u00ed 2024<\/a><a href=\"\/download\/verejne-zakazky\/vyhlasena_vyzva_o_vyberu_nejvhodnejsi_nabidky_Vyber_osvetleni_LED_2023.pdf\">\u201c (pdf)<\/a><\/p>\n<p>[\/vc_toggle]<\/p>\n<p>[vc_toggle title=&#8220;2023 (kliknut\u00edm rozbalit)&#8220;]<\/p>\n<p><a href=\"\/download\/verejne-zakazky\/vyhlasena_vyzva_o_vyberu_nejvhodnejsi_nabidky_Vyber_osvetleni_LED_2023.pdf\">Rozhodnut\u00ed o v\u00fdb\u011bru nejvhodn\u011bj\u0161\u00ed nab\u00eddky v r\u00e1mci ve\u0159ejn\u00e9 zak\u00e1zky s n\u00e1zvem &#8222;Osv\u011btlen\u00ed LED 2023\u201c (pdf)<\/a><\/p>\n<p><a href=\"\/download\/verejne-zakazky\/rozhodnuti_o_vyberu_nejvhodnejsi_nabidky_Pronajem_prodejny_2023.pdf\">Rozhodnut\u00ed o v\u00fdb\u011bru nejvhodn\u011bj\u0161\u00ed nab\u00eddky v r\u00e1mci ve\u0159ejn\u00e9 zak\u00e1zky s n\u00e1zvem &#8222;Pron\u00e1jem prodejny 2023\u201c (pdf)<\/a><\/p>\n<p><a href=\"\/download\/verejne-zakazky\/rozhodnuti_o_vyberu_nejvhodnejsi_nabidky_Dilny_rekonstrukce_2023.pdf\">Rozhodnut\u00ed o v\u00fdb\u011bru nejvhodn\u011bj\u0161\u00ed nab\u00eddky v r\u00e1mci ve\u0159ejn\u00e9 zak\u00e1zky s n\u00e1zvem &#8222;Rekonstrukce soci\u00e1ln\u00edho za\u0159\u00edzen\u00ed &#8211; D\u00edlny 2023\u201c (pdf)<\/a><\/p>\n<p><a href=\"\/download\/verejne-zakazky\/rozhodnuti_o_vyberu_nejvhodnejsi_nabidky_Externi_spravce_IT-2023.pdf\">Rozhodnut\u00ed o v\u00fdb\u011bru nejvhodn\u011bj\u0161\u00ed nab\u00eddky v r\u00e1mci ve\u0159ejn\u00e9 zak\u00e1zky s n\u00e1zvem &#8222;Extern\u00ed spr\u00e1vce IT&#8220; (pdf)<\/a><\/p>\n<p>[\/vc_toggle]<\/p>\n<p>[vc_toggle title=&#8220;2022 (kliknut\u00edm rozbalit)&#8220;]<\/p>\n<p><a href=\"\/download\/verejne-zakazky\/rozhodnuti_o_vyberu_nejvhodnejsi_nabidky_modra_ucebna_I_etapa.pdf\">Rozhodnut\u00ed o v\u00fdb\u011bru nejvhodn\u011bj\u0161\u00ed nab\u00eddky v r\u00e1mci ve\u0159ejn\u00e9 zak\u00e1zky s n\u00e1zvem &#8222;Modr\u00e1 u\u010debna-prvn\u00ed etapa\u201c (pdf)<\/a><\/p>\n<p><a href=\"\/download\/verejne-zakazky\/rozhodnuti_o_vyberu_nejvhodnejsi_nabidky_dilny_2022_podzim.pdf\">Rozhodnut\u00ed o v\u00fdb\u011bru nejvhodn\u011bj\u0161\u00ed nab\u00eddky v r\u00e1mci ve\u0159ejn\u00e9 zak\u00e1zky s n\u00e1zvem &#8222;D\u00edlny 2022&#8220; (pdf)<\/a><\/p>\n<p>[\/vc_toggle]<\/p>\n<p>[vc_toggle title=&#8220;2021 (kliknut\u00edm rozbalit)&#8220;]<\/p>\n<p><a href=\"\/download\/verejne-zakazky\/rozhodnuti_o_vyberu_nejvhodnejsi_nabidky_server_2021_podzim.pdf\">Rozhodnut\u00ed o v\u00fdb\u011bru nejvhodn\u011bj\u0161\u00ed nab\u00eddky v r\u00e1mci ve\u0159ejn\u00e9 zak\u00e1zky s n\u00e1zvem &#8222;Server 2021 &#8211; podzim&#8220; (pdf)<\/a><\/p>\n<p><a href=\"\/download\/verejne-zakazky\/rozhodnuti_o_vyberu_nejvhodnejsi_nabidky_server_2021.pdf\">Rozhodnut\u00ed o v\u00fdb\u011bru nejvhodn\u011bj\u0161\u00ed nab\u00eddky v r\u00e1mci ve\u0159ejn\u00e9 zak\u00e1zky s n\u00e1zvem &#8222;Server 2021&#8220; (pdf)<\/a><\/p>\n<p><a href=\"\/download\/verejne-zakazky\/rozhodnuti_o_vyberu_nejvhodnejsi_nabidky_led_osvetleni_2021.pdf\">Rozhodnut\u00ed o v\u00fdb\u011bru nejvhodn\u011bj\u0161\u00ed nab\u00eddky v r\u00e1mci ve\u0159ejn\u00e9 zak\u00e1zky s n\u00e1zvem &#8222;LED osv\u011btlen\u00ed 2021&#8220; (pdf)<\/a><\/p>\n<p><a href=\"\/download\/verejne-zakazky\/rozhodnuti_o_vyberu_nejvhodnejsi_nabidky_interaktivni_zarizeni_2021.pdf\">Rozhodnut\u00ed o v\u00fdb\u011bru nejvhodn\u011bj\u0161\u00ed nab\u00eddky v r\u00e1mci ve\u0159ejn\u00e9 zak\u00e1zky s n\u00e1zvem &#8222;Interaktivn\u00ed za\u0159\u00edzeni 2021&#8220; (pdf)<\/a><\/p>\n<p>[\/vc_toggle]<\/p>\n<p>[vc_toggle title=&#8220;2020 (kliknut\u00edm rozbalit)&#8220;]<\/p>\n<p><a href=\"\/download\/verejne-zakazky\/rozhodnuti_o_vyberu_nejvhodnejsi_nabidky_zednicek_malirske_prace_2020.pdf\">Rozhodnut\u00ed o v\u00fdb\u011bru nejvhodn\u011bj\u0161\u00ed nab\u00eddky v r\u00e1mci ve\u0159ejn\u00e9 zak\u00e1zky s n\u00e1zvem &#8222;Zednick\u00e9 a mal\u00ed\u0159sk\u00e9 pr\u00e1ce 2020&#8220; (pdf)<\/a><\/p>\n<p><a href=\"\/download\/verejne-zakazky\/rozhodnuti_o_vyberu_nejvhodnejsi_nabidky_ucebny_karlin_2020.pdf\">Rozhodnut\u00ed o v\u00fdb\u011bru nejvhodn\u011bj\u0161\u00ed nab\u00eddky v r\u00e1mci ve\u0159ejn\u00e9 zak\u00e1zky s n\u00e1zvem &#8222;U\u010debny Karl\u00edn 2020&#8220; (pdf)<\/a><\/p>\n<p><a href=\"\/download\/verejne-zakazky\/rozhodnuti_o_vyberu_nejvhodnejsi_nabidky_3D_ucebna_2020.pdf\">Rozhodnut\u00ed o v\u00fdb\u011bru nejvhodn\u011bj\u0161\u00ed nab\u00eddky v r\u00e1mci ve\u0159ejn\u00e9 zak\u00e1zky s n\u00e1zvem &#8222;3D u\u010debna 2020&#8220; (pdf)<\/a><\/p>\n<p><a href=\"\/download\/verejne-zakazky\/rozhodnuti_o_vyberu_nejvhodnejsi_nabidky_Medialni_ucebna_2020.pdf\">Rozhodnut\u00ed o v\u00fdb\u011bru nejvhodn\u011bj\u0161\u00ed nab\u00eddky v r\u00e1mci ve\u0159ejn\u00e9 zak\u00e1zky s n\u00e1zvem &#8222;Medi\u00e1ln\u00ed u\u010debna 2020&#8220; (pdf)<\/a><\/p>\n<p><a href=\"\/download\/verejne-zakazky\/rozhodnuti_o_vyberu_nejvhodnejsi_nabidky_Mobilni_ucebna_2020.pdf\">Rozhodnut\u00ed o v\u00fdb\u011bru nejvhodn\u011bj\u0161\u00ed nab\u00eddky v r\u00e1mci ve\u0159ejn\u00e9 zak\u00e1zky s n\u00e1zvem &#8222;Mobiln\u00ed u\u010debna 2020&#8220; (pdf)<\/a><\/p>\n<p><a href=\"\/download\/verejne-zakazky\/rozhodnuti_o_vyberu_nejvhodnejsi_nabidky_stac_digi_ucebna_2020.pdf\">Rozhodnut\u00ed o v\u00fdb\u011bru nejvhodn\u011bj\u0161\u00ed nab\u00eddky v r\u00e1mci ve\u0159ejn\u00e9 zak\u00e1zky s n\u00e1zvem &#8222;Stacion\u00e1rn\u00ed digit\u00e1ln\u00ed u\u010debna 2020&#8220; (pdf)<\/a><\/p>\n<p>[\/vc_toggle]<\/p>\n<p>[vc_toggle title=&#8220;2019 (kliknut\u00edm rozbalit)&#8220;]<\/p>\n<p><a href=\"\/download\/verejne-zakazky\/rozhodnuti_o_vyberu_nejvhodnejsi_nabidky_nabytek_dilny_2019.pdf\">Rozhodnut\u00ed o v\u00fdb\u011bru nejvhodn\u011bj\u0161\u00ed nab\u00eddky v r\u00e1mci ve\u0159ejn\u00e9 zak\u00e1zky v mal\u00e9m rozsahu s n\u00e1zvem &#8222;N\u00e1bytek d\u00edlny 2019&#8220; (pdf)<\/a><\/p>\n<p><a href=\"\/download\/verejne-zakazky\/rozhodnuti_o_vyberu_nejvhodnejsi_nabidky_av_technika_2019.pdf\">Rozhodnut\u00ed o\u00a0v\u00fdb\u011bru nejvhodn\u011bj\u0161\u00ed nab\u00eddky v\u00a0r\u00e1mci ve\u0159ejn\u00e9 zak\u00e1zky v\u00a0mal\u00e9m rozsahu s\u00a0n\u00e1zvem &#8222;Audiovizu\u00e1ln\u00ed technika 2019&#8220; (pdf)<\/a><\/p>\n<p><a href=\"\/download\/verejne-zakazky\/rozhodnuti_o_vyberu_nejvhodnejsi_nabidky_pocitace_dilny_2019.pdf\">Rozhodnut\u00ed o v\u00fdb\u011bru nejvhodn\u011bj\u0161\u00ed nab\u00eddky v r\u00e1mci ve\u0159ejn\u00e9 zak\u00e1zky v mal\u00e9m rozsahu s n\u00e1zvem &#8222;Po\u010d\u00edta\u010de d\u00edlny 2019&#8220; (pdf)<\/a><\/p>\n<p><a href=\"\/download\/verejne-zakazky\/rozhodnuti_o_vyberu_nejvhodnejsi_nabidky_malirske_zednicke_prace_2019.pdf\">Rozhodnut\u00ed o\u00a0v\u00fdb\u011bru nejvhodn\u011bj\u0161\u00ed nab\u00eddky v\u00a0r\u00e1mci ve\u0159ejn\u00e9 zak\u00e1zky v\u00a0mal\u00e9m rozsahu s\u00a0n\u00e1zvem &#8222;Zednick\u00e9 a mal\u00ed\u0159sk\u00e9 pr\u00e1ce&#8220; (pdf)<\/a><\/p>\n<p><a href=\"\/download\/verejne-zakazky\/rozhodnuti_o_vyberu_nejvhodnejsi_nabidky_nabytek_kabinety_2019.pdf\">Rozhodnut\u00ed o\u00a0v\u00fdb\u011bru nejvhodn\u011bj\u0161\u00ed nab\u00eddky v\u00a0r\u00e1mci ve\u0159ejn\u00e9 zak\u00e1zky v\u00a0mal\u00e9m rozsahu s\u00a0n\u00e1zvem &#8222;N\u00e1bytek kabinety 2019&#8220; (pdf)<\/a><\/p>\n<p><a href=\"\/download\/verejne-zakazky\/rozhodnuti_o_vyberu_nejvhodnejsi_nabidky_otopna_soustava_2019.pdf\">Rozhodnut\u00ed o\u00a0v\u00fdb\u011bru nejvhodn\u011bj\u0161\u00ed nab\u00eddky v\u00a0r\u00e1mci ve\u0159ejn\u00e9 zak\u00e1zky v\u00a0mal\u00e9m rozsahu s\u00a0n\u00e1zvem &#8222;Otopn\u00e1 soustava 2019&#8220; (pdf)<\/a><\/p>\n<p><a href=\"\/download\/verejne-zakazky\/rozhodnuti_o_vyberu_nejvhodnejsi_nabidky_pocitace_2019.pdf\">Rozhodnut\u00ed o\u00a0v\u00fdb\u011bru nejvhodn\u011bj\u0161\u00ed nab\u00eddky v\u00a0r\u00e1mci ve\u0159ejn\u00e9 zak\u00e1zky v\u00a0mal\u00e9m rozsahu s\u00a0n\u00e1zvem &#8222;Po\u010d\u00edta\u010de 2019&#8220; (pdf)<\/a><\/p>\n<p><a href=\"\/download\/verejne-zakazky\/rozhodnuti_o_vyberu_nejvhodnejsi_nabidky_rekonstrukce_ucebny_dilen_2019.pdf\">Rozhodnut\u00ed o\u00a0v\u00fdb\u011bru nejvhodn\u011bj\u0161\u00ed nab\u00eddky v\u00a0r\u00e1mci ve\u0159ejn\u00e9 zak\u00e1zky v\u00a0mal\u00e9m rozsahu s\u00a0n\u00e1zvem &#8222;Rekonstrukce u\u010debny d\u00edlen 2019&#8220; (pdf)<\/a><\/p>\n<p>[\/vc_toggle]<\/p>\n<p>[vc_toggle title=&#8220;2018 (kliknut\u00edm rozbalit)&#8220;]<\/p>\n<p><a href=\"\/download\/verejne-zakazky\/rozhodnuti_o_vyberu_nejvhodnejsi_nabidky_digitalni_technologie.pdf\">Rozhodnut\u00ed o\u00a0v\u00fdb\u011bru nejvhodn\u011bj\u0161\u00ed nab\u00eddky v\u00a0r\u00e1mci ve\u0159ejn\u00e9 zak\u00e1zky v\u00a0mal\u00e9m rozsahu s\u00a0n\u00e1zvem &#8222;Digit\u00e1ln\u00ed technologie do u\u010deben&#8220; (pdf)<\/a><\/p>\n<p><a href=\"\/download\/verejne-zakazky\/rozhodnuti_o_vyberu_nejvhodnejsi_nabidky_pruchod.pdf\">Rozhodnut\u00ed o\u00a0v\u00fdb\u011bru nejvhodn\u011bj\u0161\u00ed nab\u00eddky v\u00a0r\u00e1mci ve\u0159ejn\u00e9 zak\u00e1zky mal\u00e9ho rozsahu s\u00a0n\u00e1zvem \u201eRekonstrukce a\u00a0stavebn\u00ed opravy pr\u016fchodu d\u00edlen\u201c (pdf)<\/a><\/p>\n<p><a href=\"\/download\/verejne-zakazky\/rozhodnuti_o_vyberu_nejvhodnejsi_nabidky_mm_ucebna.pdf\">Rozhodnut\u00ed o\u00a0v\u00fdb\u011bru nejvhodn\u011bj\u0161\u00ed nab\u00eddky v\u00a0r\u00e1mci ve\u0159ejn\u00e9 zak\u00e1zky mal\u00e9ho rozsahu s\u00a0n\u00e1zvem \u201eMM u\u010debna jazyk\u016f\u201c (pdf)<\/a><\/p>\n<p><a href=\"\/download\/verejne-zakazky\/rozhodnuti_o_vyberu_nejvhodnejsi_nabidky_pronajem_prodejny.pdf\">Rozhodnut\u00ed o\u00a0v\u00fdb\u011bru nejvhodn\u011bj\u0161\u00ed nab\u00eddky v\u00a0r\u00e1mci ve\u0159ejn\u00e9 zak\u00e1zky mal\u00e9ho rozsahu s\u00a0n\u00e1zvem \u201ePron\u00e1jem prodejny\u201c (pdf)<\/a><\/p>\n<p><a href=\"\/download\/verejne-zakazky\/rozhodnuti_o_vyberu_nejvhodnejsi_nabidky_rekonstrukce_ucebny_op.pdf\">Rozhodnut\u00ed o\u00a0v\u00fdb\u011bru nejvhodn\u011bj\u0161\u00ed nab\u00eddky v\u00a0r\u00e1mci ve\u0159ejn\u00e9 zak\u00e1zky v\u00a0mal\u00e9m rozsahu s\u00a0n\u00e1zvem &#8222;Rekonstrukce u\u010debny OP&#8220; (pdf)<\/a><\/p>\n<p><a href=\"\/download\/verejne-zakazky\/rozhodnuti_o_vyberu_nejvhodnejsi_nabidky_vybaveni_ucebny_op.pdf\">Rozhodnut\u00ed o\u00a0v\u00fdb\u011bru nejvhodn\u011bj\u0161\u00ed nab\u00eddky v\u00a0r\u00e1mci ve\u0159ejn\u00e9 zak\u00e1zky v\u00a0mal\u00e9m rozsahu s\u00a0n\u00e1zvem &#8222;Vybaven\u00ed u\u010debny OP&#8220; (pdf)<\/a><\/p>\n<p><a href=\"\/download\/verejne-zakazky\/rozhodnuti_o_vyberu_nejvhodnejsi_nabidky_PC_2018.pdf\">Rozhodnut\u00ed o\u00a0v\u00fdb\u011bru nejvhodn\u011bj\u0161\u00ed nab\u00eddky v\u00a0r\u00e1mci ve\u0159ejn\u00e9 zak\u00e1zky mal\u00e9ho rozsahu s\u00a0n\u00e1zvem \u201ePC 2018\u201c (pdf)<\/a><\/p>\n<p>[\/vc_toggle][\/vc_column_text][\/vc_column][\/vc_row]<\/p>\n","protected":false},"excerpt":{"rendered":"<p>[vc_row][vc_column width=&#8220;1\/2&#8243;] Metodika hodnocen\u00ed plnospektr\u00e1ln\u00edch sv\u011bteln\u00fdch zdroj\u016f (webov\u00e9 str\u00e1nky HMP) [\/vc_column][\/vc_row] [vc_row][vc_column width=&#8220;1\/2&#8243;] Vyhl\u00e1\u0161en\u00e1 v\u00fdzva o v\u00fdb\u011bru nejvhodn\u011bj\u0161\u00ed nab\u00eddky s n\u00e1zvem &#8222;Disky 2026&#8220; (pdf) [\/vc_column][vc_column width=&#8220;1\/2&#8243;][vc_column_text]V\u00fdsledky v\u00fdb\u011brov\u00e9ho \u0159\u00edzen\u00ed lze dohledat v\u00a0registru smluv.[\/vc_column_text][vc_column_text] 2025 Rozhodnut\u00ed o v\u00fdb\u011bru nejvhodn\u011bj\u0161\u00ed nab\u00eddky v r\u00e1mci ve\u0159ejn\u00e9 zak\u00e1zky po odstoupen\u00ed v\u00edt\u011bzn\u00e9 firmy s n\u00e1zvem &#8222;Schodi\u0161t\u011b Karl\u00edn 2026&#8220; (pdf) Rozhodnut\u00ed o v\u00fdb\u011bru [&hellip;]<\/p>\n","protected":false},"author":1,"featured_media":0,"parent":0,"menu_order":0,"comment_status":"closed","ping_status":"closed","template":"","meta":{"footnotes":""},"class_list":["post-2077","page","type-page","status-publish","hentry"],"_links":{"self":[{"href":"https:\/\/www.skolakrizik.cz\/index.php\/wp-json\/wp\/v2\/pages\/2077","targetHints":{"allow":["GET"]}}],"collection":[{"href":"https:\/\/www.skolakrizik.cz\/index.php\/wp-json\/wp\/v2\/pages"}],"about":[{"href":"https:\/\/www.skolakrizik.cz\/index.php\/wp-json\/wp\/v2\/types\/page"}],"author":[{"embeddable":true,"href":"https:\/\/www.skolakrizik.cz\/index.php\/wp-json\/wp\/v2\/users\/1"}],"replies":[{"embeddable":true,"href":"https:\/\/www.skolakrizik.cz\/index.php\/wp-json\/wp\/v2\/comments?post=2077"}],"version-history":[{"count":92,"href":"https:\/\/www.skolakrizik.cz\/index.php\/wp-json\/wp\/v2\/pages\/2077\/revisions"}],"predecessor-version":[{"id":4710,"href":"https:\/\/www.skolakrizik.cz\/index.php\/wp-json\/wp\/v2\/pages\/2077\/revisions\/4710"}],"wp:attachment":[{"href":"https:\/\/www.skolakrizik.cz\/index.php\/wp-json\/wp\/v2\/media?parent=2077"}],"curies":[{"name":"wp","href":"https:\/\/api.w.org\/{rel}","templated":true}]}}