{"id":2199,"date":"2018-09-23T16:18:41","date_gmt":"2018-09-23T14:18:41","guid":{"rendered":"https:\/\/www.skolakrizik.cz\/?page_id=2199"},"modified":"2018-10-14T15:51:26","modified_gmt":"2018-10-14T13:51:26","slug":"leonardo-da-vinci-2011-2013","status":"publish","type":"page","link":"https:\/\/www.skolakrizik.cz\/index.php\/leonardo-da-vinci-2011-2013\/","title":{"rendered":"Leonardo da Vinci (2011 &#8211; 2013) &#8211; N\u011bmecko"},"content":{"rendered":"<p>[vc_row][vc_column][vc_column_text]<\/p>\n<h3><a name=\"info\"><\/a>Z\u00e1kladn\u00ed informace<\/h3>\n<p>V\u00a0roce 2011 z\u00edskala na\u0161e \u0161kola grant v\u00a0r\u00e1mci programu Leonardo da Vinci. Na z\u00e1klad\u011b spolupr\u00e1ce s\u00a0firmou InBIT prob\u011bhnou 4 v\u00fdjezdy student\u016f a\u00a0\u017e\u00e1k\u016f na\u0161\u00ed \u0161koly do m\u011bsta Harta v\u00a0N\u011bmecku. Tyto mobility jsou pln\u011b financov\u00e1ny z\u00a0prost\u0159edk\u016f grantu.<\/p>\n<h4>O\u00a0programu Leonardo da Vinci<\/h4>\n<p>Program Leonardo da Vinci byl v\u00a0r\u00e1mci programu celo\u017eivotn\u00edho u\u010den\u00ed zam\u011b\u0159en na v\u00fdukov\u00e9 a\u00a0vzd\u011bl\u00e1vac\u00ed pot\u0159eby v\u0161ech osob \u00fa\u010dastn\u00edc\u00edch se odborn\u00e9ho vzd\u011bl\u00e1v\u00e1n\u00ed a\u00a0odborn\u00e9 p\u0159\u00edpravy na jin\u00e9 ne\u017e vysoko\u0161kolsk\u00e9 \u00farovni a\u00a0na instituce a\u00a0organizace nab\u00edzej\u00edc\u00ed nebo podporuj\u00edc\u00ed toto vzd\u011bl\u00e1v\u00e1n\u00ed a\u00a0p\u0159\u00edpravu.<\/p>\n<ul>\n<li>p\u0159isp\u011bl ke zv\u00fd\u0161en\u00ed p\u0159ita\u017elivosti, kvality a\u00a0v\u00fdkonnosti syst\u00e9m\u016f odborn\u00e9ho vzd\u011bl\u00e1v\u00e1n\u00ed a\u00a0p\u0159\u00edpravy, ke zlep\u0161ov\u00e1n\u00ed pr\u016fhlednosti, informa\u010dn\u00edch a\u00a0poradensk\u00fdch syst\u00e9m\u016f, k\u00a0uzn\u00e1v\u00e1n\u00ed kompetenc\u00ed a\u00a0kvalifikac\u00ed a\u00a0k posilov\u00e1n\u00ed evropsk\u00e9ho rozm\u011bru;<\/li>\n<li>ovliv\u0148il iniciativy na podporu dal\u0161\u00edho v\u00fdvoje, p\u0159ezkoum\u00e1v\u00e1n\u00ed a\u00a0uplat\u0148ov\u00e1n\u00ed spole\u010dn\u00fdch evropsk\u00fdch n\u00e1stroj\u016f pro odborn\u00e9 vzd\u011bl\u00e1v\u00e1n\u00ed a\u00a0p\u0159\u00edpravu:\n<ul>\n<li>v\u00fdvoj a\u00a0p\u0159ezkoum\u00e1v\u00e1n\u00ed evropsk\u00e9ho syst\u00e9mu p\u0159evodu kredit\u016f pro odborn\u00e9 vzd\u011bl\u00e1v\u00e1n\u00ed a\u00a0p\u0159\u00edpravu (ECVET);<\/li>\n<li>realizace evropsk\u00e9ho r\u00e1mce kvalifikac\u00ed (EQF) a\u00a0nav\u00e1z\u00e1n\u00ed na z\u00e1v\u011bry Rady z\u00a0roku 2004 o\u00a0zaji\u0161\u0165ov\u00e1n\u00ed kvality odborn\u00e9ho vzd\u011bl\u00e1v\u00e1n\u00ed a\u00a0p\u0159\u00edpravy.<\/li>\n<\/ul>\n<\/li>\n<\/ul>\n<h4>InBIT v\u00a0Evrop\u011b<\/h4>\n<p>Spole\u010dnost InBIT je v\u00a0Evrop\u011b zastoupena v\u00a0N\u011bmecku, Polsku a\u00a0\u010cesk\u00e9 republice. InBIT Deutschland \u2013 Institut f\u00fcr Betriebsorganisation und Informations-Technik gGmbH je jednou ze \u010dty\u0159 nejv\u011bt\u0161\u00edch vzd\u011bl\u00e1vac\u00edch instituc\u00ed v\u00a0N\u011bmecku. Sv\u00e9 ativity provozuje na v\u00edce ne\u017e 80 m\u00edstech po cel\u00e9 Spolkov\u00e9 republice, p\u0159ev\u00e1\u017en\u011b v\u0161ak v\u00a0nov\u00fdch spolkov\u00fdch zem\u00edch.<br \/>\nSv\u00e9 p\u016fsoben\u00ed ve st\u0159edn\u00ed Evrop\u011b zah\u00e1jil InBIT v\u00a0roce 1995 v\u00a0Polsku. InBIT Polska se v\u00fdrazn\u011b pod\u00edl\u00ed na transferu v\u011bdomost\u00ed mezi N\u011bmeckem a\u00a0Polskem. InBIT Polsko je zakladatelem Vy\u0161\u0161\u00ed odborn\u00e9 \u0161koly pro evropskou integraci a\u00a0Mezin\u00e1rodn\u00ed \u0161koly ve \u0160t\u011bt\u00edn\u011b.<\/p>\n<h3><a name=\"harmonogram\"><\/a>Harmonogram zahrani\u010dn\u00ed praxe<\/h3>\n<ol>\n<li>mobilita \u2013 v\u00fdjezd 8 student\u016f VO\u0160 4.3. \u2013 17.3.2012<\/li>\n<li>mobilita \u2013 v\u00fdjezd 8 \u017e\u00e1k\u016f SP\u0160 2.5. \u2013 15.5.2012<\/li>\n<li>mobilita \u2013 v\u00fdjezd 8 student\u016f VO\u0160 2.12. \u2013 15.12.2012<\/li>\n<li>mobilita \u2013 v\u00fdjezd 8 \u017e\u00e1k\u016f SP\u0160 10. 2. \u2013 23. 2. 2013<\/li>\n<\/ol>\n<h3><a name=\"postrehy\"><\/a>[\/vc_column_text][\/vc_column][\/vc_row]<\/h3>\n","protected":false},"excerpt":{"rendered":"<p>[vc_row][vc_column][vc_column_text] Z\u00e1kladn\u00ed informace V\u00a0roce 2011 z\u00edskala na\u0161e \u0161kola grant v\u00a0r\u00e1mci programu Leonardo da Vinci. Na z\u00e1klad\u011b spolupr\u00e1ce s\u00a0firmou InBIT prob\u011bhnou 4 v\u00fdjezdy student\u016f a\u00a0\u017e\u00e1k\u016f na\u0161\u00ed \u0161koly do m\u011bsta Harta v\u00a0N\u011bmecku. Tyto mobility jsou pln\u011b financov\u00e1ny z\u00a0prost\u0159edk\u016f grantu. O\u00a0programu Leonardo da Vinci Program Leonardo da Vinci byl v\u00a0r\u00e1mci programu celo\u017eivotn\u00edho u\u010den\u00ed zam\u011b\u0159en na v\u00fdukov\u00e9 a\u00a0vzd\u011bl\u00e1vac\u00ed pot\u0159eby [&hellip;]<\/p>\n","protected":false},"author":1,"featured_media":0,"parent":0,"menu_order":0,"comment_status":"closed","ping_status":"closed","template":"","meta":{"footnotes":""},"class_list":["post-2199","page","type-page","status-publish","hentry"],"_links":{"self":[{"href":"https:\/\/www.skolakrizik.cz\/index.php\/wp-json\/wp\/v2\/pages\/2199","targetHints":{"allow":["GET"]}}],"collection":[{"href":"https:\/\/www.skolakrizik.cz\/index.php\/wp-json\/wp\/v2\/pages"}],"about":[{"href":"https:\/\/www.skolakrizik.cz\/index.php\/wp-json\/wp\/v2\/types\/page"}],"author":[{"embeddable":true,"href":"https:\/\/www.skolakrizik.cz\/index.php\/wp-json\/wp\/v2\/users\/1"}],"replies":[{"embeddable":true,"href":"https:\/\/www.skolakrizik.cz\/index.php\/wp-json\/wp\/v2\/comments?post=2199"}],"version-history":[{"count":7,"href":"https:\/\/www.skolakrizik.cz\/index.php\/wp-json\/wp\/v2\/pages\/2199\/revisions"}],"predecessor-version":[{"id":2369,"href":"https:\/\/www.skolakrizik.cz\/index.php\/wp-json\/wp\/v2\/pages\/2199\/revisions\/2369"}],"wp:attachment":[{"href":"https:\/\/www.skolakrizik.cz\/index.php\/wp-json\/wp\/v2\/media?parent=2199"}],"curies":[{"name":"wp","href":"https:\/\/api.w.org\/{rel}","templated":true}]}}