{"id":2341,"date":"2018-10-09T00:34:56","date_gmt":"2018-10-08T22:34:56","guid":{"rendered":"https:\/\/www.skolakrizik.cz\/?page_id=2341"},"modified":"2025-05-08T18:03:35","modified_gmt":"2025-05-08T16:03:35","slug":"studijni-obor-vos","status":"publish","type":"page","link":"https:\/\/www.skolakrizik.cz\/index.php\/studijni-obor-vos\/","title":{"rendered":"26-41-N\/02 SILNOPROUD\u00c1 ELEKTROTECHNIKA"},"content":{"rendered":"<p>[vc_row][vc_column width=&#8220;1\/2&#8243;][vc_column_text]<\/p>\n<h3>Specifikace oboru<\/h3>\n<p><strong>K\u00f3d oboru a n\u00e1zev:<\/strong> 26-41-N\/02 Silnoproud\u00e1 elektrotechnika<\/p>\n<p><strong>Kategorie vzd\u011bl\u00e1v\u00e1n\u00ed:<\/strong> Vy\u0161\u0161\u00ed odborn\u00e9 vzd\u011bl\u00e1n\u00ed<\/p>\n<p><strong>D\u00e9lka studia:<\/strong> 3 roky<\/p>\n<p><strong>Forma studia:<\/strong> Denn\u00ed<\/p>\n<p><strong>Zakon\u010den\u00ed studia:<\/strong> Absolutorium<\/p>\n<p><strong>Z\u00edskan\u00fd titul:<\/strong> Diplomovan\u00fd specialista (DiS.)<\/p>\n<h3>Z\u00e1kladn\u00ed Informace<\/h3>\n<p style=\"text-align: justify;\">Dne 19. b\u0159ezna 2018 ud\u011blilo M\u0160MT pro VO\u0160 a\u00a0SP\u0160E F. K\u0159i\u017e\u00edka akreditaci zm\u011bn\u011b ve vzd\u011bl\u00e1vac\u00edm programu 26-41-N\/02 Silnoproud\u00e1 elektrotechnika. \u00da\u010dinnost akreditace se stanov\u00ed k\u00a01. z\u00e1\u0159\u00ed 2018 po\u010d\u00ednaje 1. ro\u010dn\u00edkem a\u00a0jej\u00ed platnost od 1. z\u00e1\u0159\u00ed 2018 do 31. srpna 2024.<\/p>\n<p style=\"text-align: justify;\">Od 1. 9. 2013 otev\u0159ela \u0161kola nov\u00fd akreditovan\u00fd vzd\u011bl\u00e1vac\u00ed program 26-41-N\/02 Silnoproud\u00e1 elektrotechnika.<\/p>\n<p style=\"text-align: justify;\">Hlavn\u00edmi rozd\u00edly proti p\u016fvodn\u00edmu vzd\u011bl\u00e1vac\u00edmu programu jsou modul\u00e1rn\u00ed syst\u00e9m struktury u\u010diva, kreditn\u00ed syst\u00e9m hodnocen\u00ed v\u00fdsledk\u016f vzd\u011bl\u00e1v\u00e1n\u00ed a\u00a0prodlou\u017een\u00ed odborn\u00e9 praxe v\u00a0letn\u00edm obdob\u00ed 3. ro\u010dn\u00edku na 14 t\u00fddn\u016f.<\/p>\n<p style=\"text-align: justify;\">Modul\u00e1rn\u00ed syst\u00e9m struktury u\u010diva umo\u017e\u0148uje student\u016fm vytvo\u0159it si vlastn\u00ed pr\u016fchod u\u010debn\u00edm pl\u00e1nem. Krom\u011b povinn\u00fdch modul\u016f studuj\u00ed ve 2. a\u00a03. ro\u010dn\u00edku \u0161est z\u00a0dvan\u00e1cti voliteln\u00fdch modul\u016f, kter\u00e9 si zvol\u00ed a\u00a0kter\u00e9 profiluj\u00ed zam\u011b\u0159en\u00ed jejich vzd\u011bl\u00e1v\u00e1n\u00ed. Omezuj\u00edc\u00ed podm\u00ednkou p\u0159i\u00a0volb\u011b voliteln\u00fdch modul\u016f je p\u0159edepsan\u00fd minim\u00e1ln\u00ed po\u010det student\u016f pro studium zvolen\u00e9ho modulu.<\/p>\n<p style=\"text-align: justify;\">Kreditn\u00ed syst\u00e9m hodnocen\u00ed stanovuje minim\u00e1ln\u00ed po\u010det kredit\u016f, kter\u00fd mus\u00ed student z\u00edskat v\u00a0ka\u017ed\u00e9m obdob\u00ed a\u00a0za celou dobu vzd\u011bl\u00e1v\u00e1n\u00ed. Syst\u00e9m tak p\u0159isp\u00edv\u00e1 ke zv\u00fd\u0161en\u00ed prostupnosti v\u00a0cel\u00e9m sektoru terci\u00e1rn\u00edho vzd\u011bl\u00e1v\u00e1n\u00ed. Uchaze\u010d\u016fm o\u00a0p\u0159estup na \u0161kolu nemohou b\u00fdt ale kredity uzn\u00e1ny automaticky, v\u017edy jsou tak\u00e9 zohled\u0148ov\u00e1ny deklarovan\u00e9 i\u00a0skute\u010dn\u00e9 v\u00fdstupy z\u00a0p\u0159edchoz\u00edho vzd\u011bl\u00e1v\u00e1n\u00ed.<\/p>\n<p style=\"text-align: justify;\">C\u00edlem vzd\u011bl\u00e1vac\u00edho programu je p\u0159ipravit absolventy tak, aby na\u0161li uplatn\u011bn\u00ed v\u00a0\u0161irok\u00e9m spektru praktick\u00fdch \u010dinnost\u00ed (konstrukce, projekce, \u0159\u00edzen\u00ed \u010dinnosti, servis, propagace, obchodov\u00e1n\u00ed, podnik\u00e1n\u00ed) v\u00a0oblastech silnoproud\u00e9 elektrotechniky, kter\u00e9 maj\u00ed univerz\u00e1ln\u00ed vyu\u017eit\u00ed (rozvody elektrick\u00e9 energie, sv\u011bteln\u00e1 a\u00a0elektrotepeln\u00e1 technika, pohony, \u0159\u00edd\u00edc\u00ed technika, obnoviteln\u00e9 zdroje energie) v\u00a0dom\u00e1cnostech, v\u00a0pr\u016fmyslov\u00fdch provozech, ve ve\u0159ejn\u00fdch budov\u00e1ch, v\u00a0za\u0159\u00edzen\u00edch pro sport a\u00a0kulturu apod.<\/p>\n<p style=\"text-align: justify;\">Vzd\u011bl\u00e1vac\u00ed program je ur\u010den v\u0161em absolvent\u016fm st\u0159edn\u00edho vzd\u011bl\u00e1n\u00ed s\u00a0maturitn\u00ed zkou\u0161kou, kte\u0159\u00ed prok\u00e1zali zdravotn\u00ed zp\u016fsobilost pro pr\u00e1ci na elektrick\u00fdch za\u0159\u00edzen\u00edch a\u00a0splnili podm\u00ednky p\u0159ij\u00edmac\u00edho \u0159\u00edzen\u00ed. Tzn., \u017ee studenti mohou m\u00edt v\u0161eobecn\u00e9 znalosti z\u00edskan\u00e9 nap\u0159. v\u00a0gymn\u00e1ziu, nebo naopak sp\u00ed\u0161e specifick\u00e9 odborn\u00e9 znalosti z\u00edskan\u00e9 v\u00a0n\u011bkter\u00e9 st\u0159edn\u00ed odborn\u00e9 \u0161kole.<\/p>\n<p>[\/vc_column_text][\/vc_column][vc_column width=&#8220;1\/2&#8243;][vc_column_text]<\/p>\n<h3>Vzd\u011bl\u00e1vac\u00ed programy<\/h3>\n<ul>\n<li><a href=\"https:\/\/www.skolakrizik.cz\/download\/svp\/vos_avp_silnoprouda_elektrotechnika_2018.pdf\" target=\"_blank\" rel=\"noopener\">Akreditovan\u00fd vzd\u011bl\u00e1vac\u00ed program Silnoproud\u00e1 elektrotechnika platn\u00fd od 1.9.2018 po\u010d\u00ednaje 1. ro\u010dn\u00edkem (pdf)<\/a><\/li>\n<\/ul>\n<h3>U\u010debn\u00ed pl\u00e1ny<\/h3>\n<ul>\n<li><a href=\"\/download\/studijni-obory\/vos_ucebni_plan_2018-1.pdf\" target=\"_blank\" rel=\"noopener\">U\u010debn\u00ed pl\u00e1n platn\u00fd od r. 2018 (pdf)<\/a><\/li>\n<\/ul>\n<h3>Organizace studia<\/h3>\n<p style=\"text-align: justify;\">V\u00fduka prob\u00edh\u00e1 formou p\u0159edn\u00e1\u0161ek, cvi\u010den\u00ed a\u00a0konzultac\u00ed. D\u016fraz je kladen na samostatnou pr\u00e1ci a\u00a0tv\u016fr\u010d\u00ed p\u0159\u00edstup student\u016f k\u00a0\u0159e\u0161en\u00ed \u00faloh. Teoretick\u00e1 a\u00a0praktick\u00e1 v\u00fduka je pr\u016fb\u011b\u017en\u011b dopl\u0148ov\u00e1na exkurzemi.<\/p>\n<h3>Ukon\u010den\u00ed studia<\/h3>\n<p style=\"text-align: justify;\">Studium je zakon\u010deno absolutoriem, co\u017e je zkou\u0161ka slo\u017een\u00e1 z\u00a0teoretick\u00fdch znalost\u00ed z\u00a0odborn\u00fdch p\u0159edm\u011bt\u016f, zkou\u0161ky z\u00a0ciz\u00edho jazyka a\u00a0obhajoby absolventsk\u00e9 pr\u00e1ce. Absolvent vy\u0161\u0161\u00ed odborn\u00e9 \u0161koly z\u00edsk\u00e1 pr\u00e1vo u\u017e\u00edvat titul <strong>&#8222;Diplomovan\u00fd specialista&#8220;<\/strong>, ve zkratce <strong>&#8222;DiS.&#8220;<\/strong>.<\/p>\n<h3>Uplatn\u011bn\u00ed absolvent\u016f<\/h3>\n<p style=\"text-align: justify;\">Po z\u00edsk\u00e1n\u00ed odpov\u00eddaj\u00edc\u00ed praxe m\u016f\u017ee b\u00fdt absolvent za\u0159azen jako vedouc\u00ed specialista, nap\u0159. vedouc\u00ed projektant, vedouc\u00ed konstrukt\u00e9r, vedouc\u00ed technickohospod\u00e1\u0159sk\u00fd pracovn\u00edk, mana\u017eer, podnikatel apod.<\/p>\n<p style=\"text-align: justify;\">Absolvent um\u00ed nap\u0159. vypracovat projekt rozvod\u016f elektrick\u00e9 energie, elektrick\u00e9ho osv\u011btlen\u00ed a\u00a0elektrick\u00e9ho vyt\u00e1p\u011bn\u00ed r\u016fzn\u00fdch objekt\u016f a\u00a0prostor\u016f, vypracovat projekt elektrick\u00e9ho pohonu nebo naprogramovat logick\u00fd \u0159\u00edd\u00edc\u00ed syst\u00e9m. Absolvent um\u00ed s\u00a0t\u011bmito za\u0159\u00edzen\u00edmi a\u00a0obvody pracovat, obsluhovat je, m\u011b\u0159it je, analyzovat, navrhovat jejich inovace, sledovat a\u00a0hodnotit jejich kvalitu apod. Absolvent um\u00ed vytvo\u0159it v\u0161echny slo\u017eky projektu elektrick\u00e9ho za\u0159\u00edzen\u00ed na po\u010d\u00edta\u010di\u00a0pomoc\u00ed odpov\u00eddaj\u00edc\u00edho software.<\/p>\n<h3>Informace pro VO\u0160 o mo\u017enosti vr\u00e1cen\u00ed \u0161koln\u00e9ho,<\/h3>\n<p style=\"text-align: justify;\">\u010di jeho pom\u011brn\u00e9 \u010d\u00e1sti v souvislosti s mimo\u0159\u00e1dn\u00fdm opat\u0159en\u00edm Ministerstva zdravotnictv\u00ed \u010cR v pr\u016fb\u011bhu pandemie Covid-19, <a href=\"https:\/\/www.skolakrizik.cz\/download\/ostatni\/VOS-skolne-korona.pdf\" target=\"_blank\" rel=\"noopener\">naleznete v dokumentu<\/a>.<\/p>\n<p>[\/vc_column_text][\/vc_column][\/vc_row]<\/p>\n","protected":false},"excerpt":{"rendered":"<p>[vc_row][vc_column width=&#8220;1\/2&#8243;][vc_column_text] Specifikace oboru K\u00f3d oboru a n\u00e1zev: 26-41-N\/02 Silnoproud\u00e1 elektrotechnika Kategorie vzd\u011bl\u00e1v\u00e1n\u00ed: Vy\u0161\u0161\u00ed odborn\u00e9 vzd\u011bl\u00e1n\u00ed D\u00e9lka studia: 3 roky Forma studia: Denn\u00ed Zakon\u010den\u00ed studia: Absolutorium Z\u00edskan\u00fd titul: Diplomovan\u00fd specialista (DiS.) Z\u00e1kladn\u00ed Informace Dne 19. b\u0159ezna 2018 ud\u011blilo M\u0160MT pro VO\u0160 a\u00a0SP\u0160E F. K\u0159i\u017e\u00edka akreditaci zm\u011bn\u011b ve vzd\u011bl\u00e1vac\u00edm programu 26-41-N\/02 Silnoproud\u00e1 elektrotechnika. \u00da\u010dinnost akreditace se [&hellip;]<\/p>\n","protected":false},"author":1,"featured_media":0,"parent":0,"menu_order":0,"comment_status":"closed","ping_status":"closed","template":"","meta":{"footnotes":""},"class_list":["post-2341","page","type-page","status-publish","hentry"],"_links":{"self":[{"href":"https:\/\/www.skolakrizik.cz\/index.php\/wp-json\/wp\/v2\/pages\/2341","targetHints":{"allow":["GET"]}}],"collection":[{"href":"https:\/\/www.skolakrizik.cz\/index.php\/wp-json\/wp\/v2\/pages"}],"about":[{"href":"https:\/\/www.skolakrizik.cz\/index.php\/wp-json\/wp\/v2\/types\/page"}],"author":[{"embeddable":true,"href":"https:\/\/www.skolakrizik.cz\/index.php\/wp-json\/wp\/v2\/users\/1"}],"replies":[{"embeddable":true,"href":"https:\/\/www.skolakrizik.cz\/index.php\/wp-json\/wp\/v2\/comments?post=2341"}],"version-history":[{"count":17,"href":"https:\/\/www.skolakrizik.cz\/index.php\/wp-json\/wp\/v2\/pages\/2341\/revisions"}],"predecessor-version":[{"id":4471,"href":"https:\/\/www.skolakrizik.cz\/index.php\/wp-json\/wp\/v2\/pages\/2341\/revisions\/4471"}],"wp:attachment":[{"href":"https:\/\/www.skolakrizik.cz\/index.php\/wp-json\/wp\/v2\/media?parent=2341"}],"curies":[{"name":"wp","href":"https:\/\/api.w.org\/{rel}","templated":true}]}}